{"id":348,"date":"2021-01-20T13:32:56","date_gmt":"2021-01-20T12:32:56","guid":{"rendered":"https:\/\/serwer1504040.home.pl\/Speed4fit\/?page_id=348"},"modified":"2024-04-12T23:35:08","modified_gmt":"2024-04-12T21:35:08","slug":"fizjoterapia","status":"publish","type":"page","link":"https:\/\/speed4fit.pl\/index.php\/oferta\/fizjoterapia\/","title":{"rendered":"Fizjoterapia"},"content":{"rendered":"\n<div style=\"height:33px\" aria-hidden=\"true\" class=\"wp-block-spacer\"><\/div>\n\n\n\n<p class=\"has-text-align-center\"><strong>Zach\u0119camy do skorzystania z us\u0142ug fizjoterapeut\u00f3w w naszym studio! <br>\u015awiadczymy us\u0142ugi maj\u0105ce na celu likwidowanie dolegliwo\u015bci lub zapewnienie chwili relaksu.<\/strong><\/p>\n\n\n\n<div style=\"height:56px\" aria-hidden=\"true\" class=\"wp-block-spacer\"><\/div>\n\n\n\n<div style=\"height:20px\" aria-hidden=\"true\" class=\"wp-block-spacer\"><\/div>\n\n\n\n<div class=\"wp-block-columns is-layout-flex wp-container-core-columns-is-layout-9d6595d7 wp-block-columns-is-layout-flex\">\n<div class=\"wp-block-column is-layout-flow wp-block-column-is-layout-flow\" style=\"flex-basis:66.66%\">\n<h3 class=\"wp-block-heading\" id=\"kim-jest-fizjoterapeuta\">Kim jest Fizjoterapeuta?&nbsp;&nbsp;<\/h3>\n\n\n\n<p>Fizjoterapeuta jest osob\u0105,&nbsp; kt\u00f3ra dzi\u0119ki nabytej wiedzy oraz umiej\u0119tno\u015bciom manualnym, skutecznie eliminuje pewne procesy chorobowe w organizmie&nbsp;pacjenta. Dodatkowo zapobiega ich nawrotom i dalszemu post\u0119powi, a tak\u017ce&nbsp;usuwa ich dolegliwo\u015bci.&nbsp;&nbsp;<\/p>\n\n\n\n<div style=\"height:20px\" aria-hidden=\"true\" class=\"wp-block-spacer\"><\/div>\n\n\n\n<h4 class=\"wp-block-heading\" id=\"z-jakich-uslug-fizjoterapeutycznych-skorzystasz-w-speed4fit\">Z jakich us\u0142ug fizjoterapeutycznych skorzystasz w <em>Speed<span class=\"has-inline-color has-neve-link-hover-color-color\">4<\/span>Fit<\/em>?<\/h4>\n\n\n\n<ul class=\"wp-block-list\">\n<li>Gimnastyka lecznicza&nbsp;&nbsp;<\/li>\n\n\n\n<li>Masa\u017ce&nbsp;<br><br><\/li>\n<\/ul>\n\n\n\n<div class=\"wp-block-buttons is-content-justification-center is-layout-flex wp-container-core-buttons-is-layout-16018d1d wp-block-buttons-is-layout-flex\">\n<div class=\"wp-block-button is-style-primary\"><a class=\"wp-block-button__link has-neve-link-hover-color-color has-nv-dark-bg-background-color has-text-color has-background has-link-color wp-element-button\" href=\"https:\/\/speed4fit.pl\/index.php\/kontakt\/\">um\u00f3w si\u0119 na wizyt\u0119<\/a><\/div>\n<\/div>\n<\/div>\n\n\n\n<div class=\"wp-block-column is-layout-flow wp-block-column-is-layout-flow\" style=\"flex-basis:33.33%\">\n<figure class=\"wp-block-image size-large is-resized\"><img loading=\"lazy\" decoding=\"async\" width=\"1920\" height=\"2560\" src=\"https:\/\/speed4fit.pl\/wp-content\/uploads\/2021\/12\/speed4fit_fizjoterapia_1-edited-scaled.jpg\" alt=\"\" class=\"wp-image-1901\" style=\"width:307px;height:auto\" srcset=\"https:\/\/speed4fit.pl\/wp-content\/uploads\/2021\/12\/speed4fit_fizjoterapia_1-edited-scaled.jpg 1920w, https:\/\/speed4fit.pl\/wp-content\/uploads\/2021\/12\/speed4fit_fizjoterapia_1-edited-225x300.jpg 225w, https:\/\/speed4fit.pl\/wp-content\/uploads\/2021\/12\/speed4fit_fizjoterapia_1-edited-768x1024.jpg 768w, https:\/\/speed4fit.pl\/wp-content\/uploads\/2021\/12\/speed4fit_fizjoterapia_1-edited-1152x1536.jpg 1152w, https:\/\/speed4fit.pl\/wp-content\/uploads\/2021\/12\/speed4fit_fizjoterapia_1-edited-1536x2048.jpg 1536w\" sizes=\"auto, (max-width: 1920px) 100vw, 1920px\" \/><\/figure>\n<\/div>\n<\/div>\n\n\n\n<hr class=\"wp-block-separator has-css-opacity is-style-wide\"\/>\n\n\n\n<div style=\"height:20px\" aria-hidden=\"true\" class=\"wp-block-spacer\"><\/div>\n\n\n\n<h2 class=\"wp-block-heading\" id=\"w-jakich-przypadkach-pomagamy\">W jakich przypadkach pomagamy?<\/h2>\n\n\n\n<div style=\"height:59px\" aria-hidden=\"true\" class=\"wp-block-spacer\"><\/div>\n\n\n\n<div class=\"wp-block-columns is-layout-flex wp-container-core-columns-is-layout-9d6595d7 wp-block-columns-is-layout-flex\">\n<div class=\"wp-block-column is-layout-flow wp-block-column-is-layout-flow\">\n<ul class=\"wp-block-list\" id=\"block-5fb72e62-3dad-45b2-9fdf-0d28acce2802\">\n<li>Dolegliwo\u015bci b\u00f3lowe kr\u0119gos\u0142upa<\/li>\n\n\n\n<li>Rwa kulszowa<\/li>\n\n\n\n<li>ACL i inne uszkodzenia stawu kolanowego<\/li>\n\n\n\n<li>Kontuzje stawu barkowego<\/li>\n\n\n\n<li>Kontuzje staw\u00f3w skokowych i problemy ze stopami<\/li>\n\n\n\n<li>Relaks<\/li>\n<\/ul>\n<\/div>\n\n\n\n<div class=\"wp-block-column is-layout-flow wp-block-column-is-layout-flow\">\n<ul class=\"wp-block-list\" id=\"block-5fb72e62-3dad-45b2-9fdf-0d28acce2802\">\n<li>Niwelowanie przeci\u0105\u017ce\u0144 mi\u0119\u015bniowych w procesie treningowym<\/li>\n\n\n\n<li>Bruksizm<\/li>\n\n\n\n<li>B\u00f3le g\u0142owy<\/li>\n\n\n\n<li>Praca z blizn\u0105&nbsp;<\/li>\n\n\n\n<li>Osobom, kt\u00f3re prowadz\u0105 siedz\u0105cy tryb \u017cycia &#8211; nie tylko prace biurowe i &#8222;za k\u00f3\u0142kiem&#8221;<\/li>\n<\/ul>\n<\/div>\n<\/div>\n\n\n\n<div style=\"height:51px\" aria-hidden=\"true\" class=\"wp-block-spacer\"><\/div>\n\n\n\n<div class=\"wp-block-buttons is-content-justification-center is-layout-flex wp-container-core-buttons-is-layout-16018d1d wp-block-buttons-is-layout-flex\">\n<div class=\"wp-block-button is-style-primary\"><a class=\"wp-block-button__link has-neve-link-hover-color-color has-nv-dark-bg-background-color has-text-color has-background has-link-color wp-element-button\" href=\"https:\/\/speed4fit.pl\/index.php\/kontakt\/\" target=\"_blank\" rel=\"noreferrer noopener\">Um\u00f3w si\u0119 na wizyt\u0119<\/a><\/div>\n<\/div>\n\n\n\n<hr class=\"wp-block-separator has-css-opacity is-style-wide\"\/>\n\n\n\n<div style=\"height:30px\" aria-hidden=\"true\" class=\"wp-block-spacer\"><\/div>\n\n\n\n<h2 class=\"wp-block-heading\" id=\"fizjoterapeuci-w-speed4fit\">Fizjoterapeuci w <em>Speed<span style=\"background-color:rgba(0, 0, 0, 0)\" class=\"has-inline-color has-neve-link-hover-color-color\">4<\/span>Fit<\/em><\/h2>\n\n\n\n<div style=\"height:54px\" aria-hidden=\"true\" class=\"wp-block-spacer\"><\/div>\n\n\n\n<p>Twoim problem jest kontuzja? Potrzebujesz rekonwalescencji? A mo\u017ce po prostu masz ochot\u0119 na chwil\u0119 relaksu lub chcesz zniwelowa\u0107 napi\u0119cia? <\/p>\n\n\n\n<p class=\"has-text-align-center\"><strong><mark style=\"background-color:rgba(0, 0, 0, 0)\" class=\"has-inline-color has-neve-link-hover-color-color\">Zajmiemy si\u0119 tym!<\/mark><\/strong><\/p>\n\n\n\n<p>Poznaj nasz do\u015bwiadczony zesp\u00f3\u0142, kt\u00f3ry z pasj\u0105 i zami\u0142owaniem do odkrywania tajemnic ludzkiego cia\u0142a zajmie si\u0119 Tob\u0105. <\/p>\n\n\n\n<div style=\"height:20px\" aria-hidden=\"true\" class=\"wp-block-spacer\"><\/div>\n\n\n\n<div style=\"height:20px\" aria-hidden=\"true\" class=\"wp-block-spacer\"><\/div>\n\n\n\n<hr class=\"wp-block-separator has-css-opacity is-style-wide\"\/>\n\n\n\n<div style=\"height:20px\" aria-hidden=\"true\" class=\"wp-block-spacer\"><\/div>\n\n\n\n<h2 class=\"wp-block-heading\">S\u0142awek<\/h2>\n\n\n\n<div style=\"height:20px\" aria-hidden=\"true\" class=\"wp-block-spacer\"><\/div>\n\n\n\n<div class=\"wp-block-columns is-layout-flex wp-container-core-columns-is-layout-9d6595d7 wp-block-columns-is-layout-flex\">\n<div class=\"wp-block-column is-layout-flow wp-block-column-is-layout-flow\" style=\"flex-basis:33.33%\">\n<figure class=\"wp-block-image size-medium is-style-rounded\"><img loading=\"lazy\" decoding=\"async\" width=\"300\" height=\"300\" src=\"https:\/\/speed4fit.pl\/wp-content\/uploads\/2023\/05\/DSC_3657-edited-300x300.jpg\" alt=\"\" class=\"wp-image-2791\" srcset=\"https:\/\/speed4fit.pl\/wp-content\/uploads\/2023\/05\/DSC_3657-edited-300x300.jpg 300w, https:\/\/speed4fit.pl\/wp-content\/uploads\/2023\/05\/DSC_3657-edited-1024x1024.jpg 1024w, https:\/\/speed4fit.pl\/wp-content\/uploads\/2023\/05\/DSC_3657-edited-150x150.jpg 150w, https:\/\/speed4fit.pl\/wp-content\/uploads\/2023\/05\/DSC_3657-edited-768x768.jpg 768w, https:\/\/speed4fit.pl\/wp-content\/uploads\/2023\/05\/DSC_3657-edited-1536x1536.jpg 1536w, https:\/\/speed4fit.pl\/wp-content\/uploads\/2023\/05\/DSC_3657-edited-2048x2048.jpg 2048w\" sizes=\"auto, (max-width: 300px) 100vw, 300px\" \/><\/figure>\n<\/div>\n\n\n\n<div class=\"wp-block-column is-layout-flow wp-block-column-is-layout-flow\" style=\"flex-basis:66.66%\">\n<p>S\u0142awek, kt\u00f3rego ju\u017c znacie z trening\u00f3w EMS. Od pocz\u0105tku za\u0142o\u017cenia Speed4Fit jest Naszym lokalnym fizjoterapeut\u0105. Specjalist\u0105 od masa\u017cu i odnowy biologicznej.<\/p>\n\n\n\n<div style=\"height:36px\" aria-hidden=\"true\" class=\"wp-block-spacer\"><\/div>\n\n\n\n<div class=\"wp-block-buttons is-content-justification-center is-layout-flex wp-container-core-buttons-is-layout-16018d1d wp-block-buttons-is-layout-flex\">\n<div class=\"wp-block-button is-style-primary\"><a class=\"wp-block-button__link has-neve-link-hover-color-color has-nv-dark-bg-background-color has-text-color has-background has-link-color wp-element-button\">um\u00f3w si\u0119 na wizyt\u0119 do s\u0142awka<\/a><\/div>\n<\/div>\n<\/div>\n<\/div>\n\n\n\n<div style=\"height:20px\" aria-hidden=\"true\" class=\"wp-block-spacer\"><\/div>\n\n\n\n<hr class=\"wp-block-separator has-css-opacity is-style-wide\"\/>\n\n\n\n<div style=\"height:20px\" aria-hidden=\"true\" class=\"wp-block-spacer\"><\/div>\n\n\n\n<h2 class=\"wp-block-heading\">Emilia<\/h2>\n\n\n\n<div style=\"height:20px\" aria-hidden=\"true\" class=\"wp-block-spacer\"><\/div>\n\n\n\n<div class=\"wp-block-columns is-layout-flex wp-container-core-columns-is-layout-9d6595d7 wp-block-columns-is-layout-flex\">\n<div class=\"wp-block-column is-layout-flow wp-block-column-is-layout-flow\" style=\"flex-basis:33.33%\">\n<figure class=\"wp-block-image size-medium is-style-rounded\"><img loading=\"lazy\" decoding=\"async\" width=\"300\" height=\"300\" src=\"https:\/\/speed4fit.pl\/wp-content\/uploads\/2023\/05\/DSC_3450-edited-300x300.jpg\" alt=\"\" class=\"wp-image-2792\" srcset=\"https:\/\/speed4fit.pl\/wp-content\/uploads\/2023\/05\/DSC_3450-edited-300x300.jpg 300w, https:\/\/speed4fit.pl\/wp-content\/uploads\/2023\/05\/DSC_3450-edited-1024x1024.jpg 1024w, https:\/\/speed4fit.pl\/wp-content\/uploads\/2023\/05\/DSC_3450-edited-150x150.jpg 150w, https:\/\/speed4fit.pl\/wp-content\/uploads\/2023\/05\/DSC_3450-edited-768x768.jpg 768w, https:\/\/speed4fit.pl\/wp-content\/uploads\/2023\/05\/DSC_3450-edited-1536x1536.jpg 1536w, https:\/\/speed4fit.pl\/wp-content\/uploads\/2023\/05\/DSC_3450-edited-2048x2048.jpg 2048w\" sizes=\"auto, (max-width: 300px) 100vw, 300px\" \/><\/figure>\n<\/div>\n\n\n\n<div class=\"wp-block-column is-layout-flow wp-block-column-is-layout-flow\" style=\"flex-basis:66.66%\">\n<p>Jako fizjoterapeuta k\u0142ad\u0119 du\u017cy nacisk na holistyczne spojrzenie na pacjenta. Zapraszam do wsp\u00f3\u0142pracy szczeg\u00f3lnie osoby z urazami lub po przebytych urazach&nbsp; stawu skokowego i stawu kolanowego.&nbsp;<\/p>\n\n\n\n<div style=\"height:47px\" aria-hidden=\"true\" class=\"wp-block-spacer\"><\/div>\n\n\n\n<div class=\"wp-block-buttons is-content-justification-center is-layout-flex wp-container-core-buttons-is-layout-16018d1d wp-block-buttons-is-layout-flex\">\n<div class=\"wp-block-button is-style-primary\"><a class=\"wp-block-button__link has-neve-link-hover-color-color has-nv-dark-bg-background-color has-text-color has-background has-link-color wp-element-button\" href=\"https:\/\/speed4fit.pl\/index.php\/kontakt\/\">um\u00f3w si\u0119 na wizyt\u0119 do emilii<\/a><\/div>\n<\/div>\n<\/div>\n<\/div>\n\n\n\n<div class=\"wp-block-buttons is-content-justification-right is-layout-flex wp-container-core-buttons-is-layout-765c4724 wp-block-buttons-is-layout-flex\"><\/div>\n\n\n\n<hr class=\"wp-block-separator has-css-opacity is-style-wide\"\/>\n\n\n\n<div style=\"height:30px\" aria-hidden=\"true\" class=\"wp-block-spacer\"><\/div>\n\n\n\n<h2 class=\"wp-block-heading\" id=\"cennik\">Cennik<\/h2>\n\n\n\n<figure class=\"wp-block-table is-style-stripes\"><table><tbody><tr><td class=\"has-text-align-left\" data-align=\"left\"><strong>Wizyta fizjoterapeutyczna<br><\/strong>(wywiad, badanie funkcjonalne, terapia manualna)<\/td><td class=\"has-text-align-center\" data-align=\"center\"><\/td><td class=\"has-text-align-center\" data-align=\"center\">179 z\u0142<\/td><td class=\"has-text-align-center\" data-align=\"center\"><\/td><\/tr><tr><td class=\"has-text-align-left\" data-align=\"left\"><\/td><td class=\"has-text-align-center\" data-align=\"center\"><\/td><td class=\"has-text-align-center\" data-align=\"center\"><\/td><td class=\"has-text-align-center\" data-align=\"center\"><\/td><\/tr><\/tbody><\/table><\/figure>\n\n\n\n<hr class=\"wp-block-separator has-css-opacity is-style-wide\"\/>\n\n\n\n<h4 class=\"wp-block-heading\" id=\"zobacz-wpisy-na-blogu-o-tematyce-fizjoterapia\">Zobacz wpisy na blogu o tematyce: fizjoterapia<\/h4>\n\n\n\n<div style=\"height:22px\" aria-hidden=\"true\" class=\"wp-block-spacer\"><\/div>\n\n\n\n<div class=\"wp-block-columns is-layout-flex wp-container-core-columns-is-layout-9d6595d7 wp-block-columns-is-layout-flex\">\n<div class=\"wp-block-column is-layout-flow wp-block-column-is-layout-flow\"><figure class=\"wp-block-post-featured-image\"><img loading=\"lazy\" decoding=\"async\" width=\"1200\" height=\"682\" src=\"https:\/\/speed4fit.pl\/wp-content\/uploads\/2022\/01\/fizjoterapia.png\" class=\"attachment-post-thumbnail size-post-thumbnail wp-post-image\" alt=\"Fizjoterapia_wa\u017cna_dziedzina_\u017cycia_ka\u017cdego_cz\u0142owieka\" style=\"object-fit:cover;\" srcset=\"https:\/\/speed4fit.pl\/wp-content\/uploads\/2022\/01\/fizjoterapia.png 1200w, https:\/\/speed4fit.pl\/wp-content\/uploads\/2022\/01\/fizjoterapia-300x171.png 300w, https:\/\/speed4fit.pl\/wp-content\/uploads\/2022\/01\/fizjoterapia-1024x582.png 1024w, https:\/\/speed4fit.pl\/wp-content\/uploads\/2022\/01\/fizjoterapia-768x436.png 768w\" sizes=\"auto, (max-width: 1200px) 100vw, 1200px\" \/><\/figure><\/div>\n\n\n\n<div class=\"wp-block-column is-layout-flow wp-block-column-is-layout-flow\">\n<p>Fizjoterapia kojarzy nam si\u0119 najcz\u0119\u015bciej z lud\u017ami starszymi, po operacjach, osobami niepe\u0142nosprawnymi. Oczywi\u015bcie, r\u00f3wnie\u017c dotyczy takich os\u00f3b, ale jest te\u017c istotna w \u017cyciu ka\u017cdego cz\u0142owieka, tym bardziej u os\u00f3b aktywnych fizycznie. Ma ona za\u0142o\u017cenie nie tylko regeneracyjne, przywr\u00f3cenie sprawno\u015bci sprzed np. wypadku\/kontuzji, rekonwalescencyjne, ale tak\u017ce jest istota profilaktyce.<\/p>\n\n\n\n<p><a href=\"https:\/\/speed4fit.pl\/index.php\/2022\/01\/29\/fizjoterapia-wazna-dziedzina-w-zyciu-kazdego-czlowieka\/\">Czytaj dalej<\/a><\/p>\n<\/div>\n<\/div>\n\n\n\n<div class=\"wp-block-columns is-layout-flex wp-container-core-columns-is-layout-9d6595d7 wp-block-columns-is-layout-flex\">\n<div class=\"wp-block-column is-layout-flow wp-block-column-is-layout-flow\">\n<figure class=\"wp-block-image size-large is-style-default\"><img loading=\"lazy\" decoding=\"async\" width=\"1024\" height=\"582\" src=\"https:\/\/speed4fit.pl\/wp-content\/uploads\/2022\/02\/ems-kregoslup-1024x582.png\" alt=\"ems w b\u00f3lach kr\u0119gos\u0142upa\" class=\"wp-image-2278\" srcset=\"https:\/\/speed4fit.pl\/wp-content\/uploads\/2022\/02\/ems-kregoslup-1024x582.png 1024w, https:\/\/speed4fit.pl\/wp-content\/uploads\/2022\/02\/ems-kregoslup-300x171.png 300w, https:\/\/speed4fit.pl\/wp-content\/uploads\/2022\/02\/ems-kregoslup-768x436.png 768w, https:\/\/speed4fit.pl\/wp-content\/uploads\/2022\/02\/ems-kregoslup.png 1200w\" sizes=\"auto, (max-width: 1024px) 100vw, 1024px\" \/><\/figure>\n<\/div>\n\n\n\n<div class=\"wp-block-column is-layout-flow wp-block-column-is-layout-flow\"><div class=\"wp-block-post-excerpt\"><p class=\"wp-block-post-excerpt__excerpt\">Praca za biurkiem? Siedz\u0105cy tryb \u017cycia? A mo\u017ce sp\u0119dzasz wiele godzin dziennie za kierownic\u0105?<\/p><p class=\"wp-block-post-excerpt__more-text\"><a class=\"wp-block-post-excerpt__more-link\" href=\"https:\/\/speed4fit.pl\/index.php\/oferta\/fizjoterapia\/\"><a href=\"https:\/\/speed4fit.pl\/index.php\/2021\/09\/11\/ems-na-pomoc-problemom-z-kregoslupem\/\">Czytaj dalej<\/a><\/a><\/p><\/div><\/div>\n<\/div>\n\n\n\n<div style=\"height:65px\" aria-hidden=\"true\" class=\"wp-block-spacer\"><\/div>\n\n\n\n<hr class=\"wp-block-separator has-alpha-channel-opacity is-style-wide\"\/>\n","protected":false},"excerpt":{"rendered":"<p>Praca za biurkiem? Siedz\u0105cy tryb \u017cycia? A mo\u017ce sp\u0119dzasz wiele godzin dziennie za kierownic\u0105?<\/p>\n","protected":false},"author":1,"featured_media":2228,"parent":56,"menu_order":6,"comment_status":"closed","ping_status":"closed","template":"","meta":{"neve_meta_sidebar":"","neve_meta_container":"","neve_meta_enable_content_width":"","neve_meta_content_width":0,"neve_meta_title_alignment":"","neve_meta_author_avatar":"","neve_post_elements_order":"","neve_meta_disable_header":"","neve_meta_disable_footer":"","neve_meta_disable_title":"","footnotes":""},"class_list":["post-348","page","type-page","status-publish","has-post-thumbnail","hentry"],"_links":{"self":[{"href":"https:\/\/speed4fit.pl\/index.php\/wp-json\/wp\/v2\/pages\/348","targetHints":{"allow":["GET"]}}],"collection":[{"href":"https:\/\/speed4fit.pl\/index.php\/wp-json\/wp\/v2\/pages"}],"about":[{"href":"https:\/\/speed4fit.pl\/index.php\/wp-json\/wp\/v2\/types\/page"}],"author":[{"embeddable":true,"href":"https:\/\/speed4fit.pl\/index.php\/wp-json\/wp\/v2\/users\/1"}],"replies":[{"embeddable":true,"href":"https:\/\/speed4fit.pl\/index.php\/wp-json\/wp\/v2\/comments?post=348"}],"version-history":[{"count":40,"href":"https:\/\/speed4fit.pl\/index.php\/wp-json\/wp\/v2\/pages\/348\/revisions"}],"predecessor-version":[{"id":3172,"href":"https:\/\/speed4fit.pl\/index.php\/wp-json\/wp\/v2\/pages\/348\/revisions\/3172"}],"up":[{"embeddable":true,"href":"https:\/\/speed4fit.pl\/index.php\/wp-json\/wp\/v2\/pages\/56"}],"wp:featuredmedia":[{"embeddable":true,"href":"https:\/\/speed4fit.pl\/index.php\/wp-json\/wp\/v2\/media\/2228"}],"wp:attachment":[{"href":"https:\/\/speed4fit.pl\/index.php\/wp-json\/wp\/v2\/media?parent=348"}],"curies":[{"name":"wp","href":"https:\/\/api.w.org\/{rel}","templated":true}]}}