{"id":347,"date":"2021-01-20T13:32:56","date_gmt":"2021-01-20T12:32:56","guid":{"rendered":"https:\/\/serwer1504040.home.pl\/Speed4fit\/?page_id=347"},"modified":"2024-04-12T23:27:39","modified_gmt":"2024-04-12T21:27:39","slug":"dietetyk","status":"publish","type":"page","link":"https:\/\/speed4fit.pl\/index.php\/oferta\/dietetyk\/","title":{"rendered":"Dietetyk"},"content":{"rendered":"\n<div style=\"height:57px\" aria-hidden=\"true\" class=\"wp-block-spacer\"><\/div>\n\n\n\n<h4 class=\"wp-block-heading has-text-align-center\">Dieta to przede wszystkim zdrowe nawyki \u017cywieniowe, trzymanie bilansu kalorycznego i \u015bwiadomy wyb\u00f3r produkt\u00f3w.\u00a0<\/h4>\n\n\n\n<div style=\"height:46px\" aria-hidden=\"true\" class=\"wp-block-spacer\"><\/div>\n\n\n\n<div class=\"wp-block-columns is-layout-flex wp-container-core-columns-is-layout-9d6595d7 wp-block-columns-is-layout-flex\">\n<div class=\"wp-block-column is-layout-flow wp-block-column-is-layout-flow\">\n<div class=\"wp-block-columns is-layout-flex wp-container-core-columns-is-layout-9d6595d7 wp-block-columns-is-layout-flex\">\n<div class=\"wp-block-column is-layout-flow wp-block-column-is-layout-flow\" style=\"flex-basis:66.66%\">\n<p>W trosce o Wasze zdrowie oraz sylwetk\u0119, cz\u0119\u015bci\u0105 naszego zespo\u0142u jest Pani dietetyk. Aby osi\u0105gn\u0105\u0107 wymarzony cel sylwetkowy&nbsp;poza treningami oraz zabiegami&nbsp;nale\u017cy zadba\u0107 o zbilansowan\u0105 diet\u0119.&nbsp;&nbsp;<\/p>\n\n\n\n<p>Dlaczego dieta jest tak wa\u017cna? Opr\u00f3cz prawid\u0142owej masy cia\u0142a, dzi\u0119ki diecie mo\u017cemy te\u017c poprawi\u0107 samopoczucie i stan zdrowia.&nbsp;&nbsp;<\/p>\n\n\n\n<div style=\"height:23px\" aria-hidden=\"true\" class=\"wp-block-spacer\"><\/div>\n<\/div>\n\n\n\n<div class=\"wp-block-column is-layout-flow wp-block-column-is-layout-flow\">\n<figure class=\"wp-block-image size-full\"><img loading=\"lazy\" decoding=\"async\" width=\"938\" height=\"573\" src=\"https:\/\/speed4fit.pl\/wp-content\/uploads\/2021\/02\/Projekt-bez-tytulu-1-e1712956866286.png\" alt=\"\" class=\"wp-image-1162\" srcset=\"https:\/\/speed4fit.pl\/wp-content\/uploads\/2021\/02\/Projekt-bez-tytulu-1-e1712956866286.png 938w, https:\/\/speed4fit.pl\/wp-content\/uploads\/2021\/02\/Projekt-bez-tytulu-1-e1712956866286-300x183.png 300w, https:\/\/speed4fit.pl\/wp-content\/uploads\/2021\/02\/Projekt-bez-tytulu-1-e1712956866286-768x469.png 768w\" sizes=\"auto, (max-width: 938px) 100vw, 938px\" \/><\/figure>\n<\/div>\n<\/div>\n<\/div>\n<\/div>\n\n\n\n<h4 class=\"wp-block-heading\">Zastanawiasz si\u0119 jak wygl\u0105da konsultacja dietetyczna w <em>Speed<span class=\"has-inline-color has-neve-link-hover-color-color\">4<\/span>Fit<\/em>?\u00a0<\/h4>\n\n\n\n<div style=\"height:37px\" aria-hidden=\"true\" class=\"wp-block-spacer\"><\/div>\n\n\n\n<p class=\"has-text-align-center\"><strong><span style=\"background-color:rgba(0, 0, 0, 0)\" class=\"has-inline-color has-neve-link-hover-color-color\">I wizyta\u00a0<\/span><\/strong><\/p>\n\n\n\n<ul class=\"wp-block-list\">\n<li>interpretacja historii \u017cywienia (analiza 3 dni)&nbsp;<\/li>\n<\/ul>\n\n\n\n<ul class=\"wp-block-list\">\n<li>analiza sk\u0142adu cia\u0142a&nbsp;<\/li>\n<\/ul>\n\n\n\n<ul class=\"wp-block-list\">\n<li>analiza wynik\u00f3w bada\u0144&nbsp;<\/li>\n<\/ul>\n\n\n\n<ul class=\"wp-block-list\">\n<li>ustalenie strategii dzia\u0142ania&nbsp;<\/li>\n<\/ul>\n\n\n\n<ul class=\"wp-block-list\">\n<li>zalecenia \u017cywieniowe na pierwszy tydzie\u0144&nbsp;<\/li>\n<\/ul>\n\n\n\n<ul class=\"wp-block-list\">\n<li>cele i oczekiwania (wst\u0119pne wytyczne)\u00a0<\/li>\n<\/ul>\n\n\n\n<div style=\"height:31px\" aria-hidden=\"true\" class=\"wp-block-spacer\"><\/div>\n\n\n\n<p class=\"has-text-align-center\"><strong><span style=\"background-color:rgba(0, 0, 0, 0)\" class=\"has-inline-color has-neve-link-hover-color-color\">II wizyta (po tygodniu lub po 2 tygodniach)\u00a0<\/span><\/strong><\/p>\n\n\n\n<ul class=\"wp-block-list\">\n<li>weryfikacja minionego tygodnia&nbsp;<\/li>\n<\/ul>\n\n\n\n<ul class=\"wp-block-list\">\n<li>analiza sk\u0142adu cia\u0142a&nbsp;<\/li>\n<\/ul>\n\n\n\n<ul class=\"wp-block-list\">\n<li>ocena post\u0119p\u00f3w&nbsp;<\/li>\n<\/ul>\n\n\n\n<ul class=\"wp-block-list\">\n<li>zalecenia \u017cywieniowe na drugi tydzie\u0144&nbsp;<\/li>\n<\/ul>\n\n\n\n<div style=\"height:32px\" aria-hidden=\"true\" class=\"wp-block-spacer\"><\/div>\n\n\n\n<hr class=\"wp-block-separator has-css-opacity is-style-wide\"\/>\n\n\n\n<h2 class=\"wp-block-heading\">Cennik<\/h2>\n\n\n\n<figure class=\"wp-block-table is-style-stripes\"><table><tbody><tr><td class=\"has-text-align-left\" data-align=\"left\"><strong>Pierwsza wizyta<br><\/strong>(wywiad, interpretacja nawyk\u00f3w \u017cywieniowych, analiza sk\u0142adu cia\u0142a)<\/td><td class=\"has-text-align-center\" data-align=\"center\"><\/td><td class=\"has-text-align-center\" data-align=\"center\">179 z\u0142<\/td><td class=\"has-text-align-center\" data-align=\"center\"><\/td><\/tr><tr><td class=\"has-text-align-left\" data-align=\"left\"><strong>Kolejna wizyta<\/strong><br>(ocena post\u0119p\u00f3w, weryfikacja minionego tygodnia, <br>zalecenia \u017cywieniowe na kolejny tydzie\u0144)<\/td><td class=\"has-text-align-center\" data-align=\"center\"><\/td><td class=\"has-text-align-center\" data-align=\"center\">179 z\u0142<\/td><td class=\"has-text-align-center\" data-align=\"center\"><\/td><\/tr><tr><td class=\"has-text-align-left\" data-align=\"left\"><strong>U\u0142o\u017cenie diety<\/strong><\/td><td class=\"has-text-align-center\" data-align=\"center\"><\/td><td class=\"has-text-align-center\" data-align=\"center\">299 z\u0142<\/td><td class=\"has-text-align-center\" data-align=\"center\"><\/td><\/tr><\/tbody><\/table><\/figure>\n\n\n\n<div style=\"height:59px\" aria-hidden=\"true\" class=\"wp-block-spacer\"><\/div>\n\n\n\n<div class=\"wp-block-buttons is-content-justification-center is-layout-flex wp-container-core-buttons-is-layout-16018d1d wp-block-buttons-is-layout-flex\">\n<div class=\"wp-block-button is-style-primary\"><a class=\"wp-block-button__link has-neve-link-hover-color-color has-nv-dark-bg-background-color has-text-color has-background has-link-color wp-element-button\" href=\"https:\/\/speed4fit.pl\/index.php\/kontakt\/\">Um\u00f3w si\u0119 na porad\u0119 dietetyczn\u0105<\/a><\/div>\n<\/div>\n\n\n\n<div style=\"height:62px\" aria-hidden=\"true\" class=\"wp-block-spacer\"><\/div>\n\n\n\n<hr class=\"wp-block-separator has-alpha-channel-opacity is-style-wide\"\/>\n","protected":false},"excerpt":{"rendered":"<p>Dieta to przede wszystkim zdrowe nawyki \u017cywieniowe, trzymanie bilansu kalorycznego i \u015bwiadomy wyb\u00f3r produkt\u00f3w.\u00a0 W trosce o Wasze zdrowie oraz sylwetk\u0119, cz\u0119\u015bci\u0105 naszego zespo\u0142u jest Pani dietetyk. Aby osi\u0105gn\u0105\u0107 wymarzony cel sylwetkowy&nbsp;poza treningami oraz zabiegami&nbsp;nale\u017cy zadba\u0107 o zbilansowan\u0105 diet\u0119.&nbsp;&nbsp; Dlaczego dieta jest tak wa\u017cna? Opr\u00f3cz prawid\u0142owej masy cia\u0142a, dzi\u0119ki diecie mo\u017cemy te\u017c poprawi\u0107 samopoczucie i&hellip;&nbsp;<a href=\"https:\/\/speed4fit.pl\/index.php\/oferta\/dietetyk\/\" rel=\"bookmark\">Dowiedz si\u0119 wi\u0119cej &raquo;<span class=\"screen-reader-text\">Dietetyk<\/span><\/a><\/p>\n","protected":false},"author":1,"featured_media":0,"parent":56,"menu_order":5,"comment_status":"closed","ping_status":"closed","template":"","meta":{"neve_meta_sidebar":"","neve_meta_container":"","neve_meta_enable_content_width":"","neve_meta_content_width":0,"neve_meta_title_alignment":"","neve_meta_author_avatar":"","neve_post_elements_order":"","neve_meta_disable_header":"","neve_meta_disable_footer":"","neve_meta_disable_title":"","footnotes":""},"class_list":["post-347","page","type-page","status-publish","hentry"],"_links":{"self":[{"href":"https:\/\/speed4fit.pl\/index.php\/wp-json\/wp\/v2\/pages\/347","targetHints":{"allow":["GET"]}}],"collection":[{"href":"https:\/\/speed4fit.pl\/index.php\/wp-json\/wp\/v2\/pages"}],"about":[{"href":"https:\/\/speed4fit.pl\/index.php\/wp-json\/wp\/v2\/types\/page"}],"author":[{"embeddable":true,"href":"https:\/\/speed4fit.pl\/index.php\/wp-json\/wp\/v2\/users\/1"}],"replies":[{"embeddable":true,"href":"https:\/\/speed4fit.pl\/index.php\/wp-json\/wp\/v2\/comments?post=347"}],"version-history":[{"count":17,"href":"https:\/\/speed4fit.pl\/index.php\/wp-json\/wp\/v2\/pages\/347\/revisions"}],"predecessor-version":[{"id":3170,"href":"https:\/\/speed4fit.pl\/index.php\/wp-json\/wp\/v2\/pages\/347\/revisions\/3170"}],"up":[{"embeddable":true,"href":"https:\/\/speed4fit.pl\/index.php\/wp-json\/wp\/v2\/pages\/56"}],"wp:attachment":[{"href":"https:\/\/speed4fit.pl\/index.php\/wp-json\/wp\/v2\/media?parent=347"}],"curies":[{"name":"wp","href":"https:\/\/api.w.org\/{rel}","templated":true}]}}