{"id":3233,"date":"2024-11-12T10:11:50","date_gmt":"2024-11-12T09:11:50","guid":{"rendered":"https:\/\/speed4fit.pl\/?page_id=3233"},"modified":"2024-11-12T10:11:50","modified_gmt":"2024-11-12T09:11:50","slug":"monika","status":"publish","type":"page","link":"https:\/\/speed4fit.pl\/index.php\/monika\/","title":{"rendered":"Monika"},"content":{"rendered":"\n<div class=\"wp-block-columns is-layout-flex wp-container-core-columns-is-layout-9d6595d7 wp-block-columns-is-layout-flex\">\n<div class=\"wp-block-column is-layout-flow wp-block-column-is-layout-flow\" style=\"flex-basis:33.33%\"><div class=\"wp-block-image is-style-rounded wp-duotone-unset-1\">\n<figure class=\"aligncenter size-full is-resized\"><img loading=\"lazy\" decoding=\"async\" width=\"1522\" height=\"1556\" src=\"https:\/\/speed4fit.pl\/wp-content\/uploads\/2024\/10\/54DEFE38-48D4-43A7-974F-9B481A3B7C2E-1-e1727895377802.jpeg\" alt=\"\" class=\"wp-image-3234\" style=\"width:300px\" srcset=\"https:\/\/speed4fit.pl\/wp-content\/uploads\/2024\/10\/54DEFE38-48D4-43A7-974F-9B481A3B7C2E-1-e1727895377802.jpeg 1522w, https:\/\/speed4fit.pl\/wp-content\/uploads\/2024\/10\/54DEFE38-48D4-43A7-974F-9B481A3B7C2E-1-e1727895377802-293x300.jpeg 293w, https:\/\/speed4fit.pl\/wp-content\/uploads\/2024\/10\/54DEFE38-48D4-43A7-974F-9B481A3B7C2E-1-e1727895377802-1002x1024.jpeg 1002w, https:\/\/speed4fit.pl\/wp-content\/uploads\/2024\/10\/54DEFE38-48D4-43A7-974F-9B481A3B7C2E-1-e1727895377802-768x785.jpeg 768w, https:\/\/speed4fit.pl\/wp-content\/uploads\/2024\/10\/54DEFE38-48D4-43A7-974F-9B481A3B7C2E-1-e1727895377802-1502x1536.jpeg 1502w\" sizes=\"auto, (max-width: 1522px) 100vw, 1522px\" \/><\/figure>\n<\/div><\/div>\n\n\n\n<div class=\"wp-block-column is-layout-flow wp-block-column-is-layout-flow\" style=\"flex-basis:66.66%\">\n<h2 class=\"wp-block-heading\">O trenerze<\/h2>\n\n\n\n<p class=\"has-text-align-center\">Treningi oraz fitness towarzysz\u0105 mi od niedawna. Pocz\u0105tkowo w roli klienta, aktualnie w roli trenera. Zafascynowana tym sportowym \u015bwiatem zacz\u0119\u0142am zg\u0142\u0119bia\u0107 wiedz\u0119 na ten temat, a wraz z aktywno\u015bci\u0105 fizyczn\u0105 pojawi\u0142o si\u0119 zainteresowanie od\u017cywaniem oraz nawykami \u017cywieniowymi. Jako trener chcia\u0142abym zara\u017ca\u0107 klient\u00f3w do wykonywania aktywno\u015bci fizycznej oraz wykszta\u0142cenia w sobie zdrowych nawyk\u00f3w \u017cywieniowych, kt\u00f3re pomog\u0105 im <br>w codziennym funkcjonowaniu.<\/p>\n<\/div>\n<\/div>\n\n\n\n<div class=\"wp-block-buttons is-content-justification-center is-layout-flex wp-container-core-buttons-is-layout-16018d1d wp-block-buttons-is-layout-flex\">\n<div class=\"wp-block-button is-style-primary\"><a class=\"wp-block-button__link wp-element-button\">Um\u00f3w si\u0119 do Moniki<\/a><\/div>\n<\/div>\n\n\n\n<div style=\"height:40px\" aria-hidden=\"true\" class=\"wp-block-spacer\"><\/div>\n\n\n\n<h2 class=\"wp-block-heading\">Specjalizacje<\/h2>\n\n\n\n<div style=\"height:43px\" aria-hidden=\"true\" class=\"wp-block-spacer\"><\/div>\n\n\n\n<div class=\"wp-block-columns is-layout-flex wp-container-core-columns-is-layout-9d6595d7 wp-block-columns-is-layout-flex\">\n<div class=\"wp-block-column is-layout-flow wp-block-column-is-layout-flow\">\n<p class=\"has-text-align-center\"><strong><mark style=\"background-color:rgba(0, 0, 0, 0)\" class=\"has-inline-color has-neve-link-hover-color-color\">Zdrowy styl \u017cycia<\/mark><\/strong><\/p>\n\n\n<div class=\"wp-block-image\">\n<figure class=\"aligncenter size-full is-resized\"><img loading=\"lazy\" decoding=\"async\" width=\"499\" height=\"499\" src=\"https:\/\/speed4fit.pl\/wp-content\/uploads\/2024\/06\/12-e1718532972181.png\" alt=\"\" class=\"wp-image-3212\" style=\"width:91px;height:auto\" srcset=\"https:\/\/speed4fit.pl\/wp-content\/uploads\/2024\/06\/12-e1718532972181.png 499w, https:\/\/speed4fit.pl\/wp-content\/uploads\/2024\/06\/12-e1718532972181-300x300.png 300w, https:\/\/speed4fit.pl\/wp-content\/uploads\/2024\/06\/12-e1718532972181-150x150.png 150w\" sizes=\"auto, (max-width: 499px) 100vw, 499px\" \/><\/figure>\n<\/div><\/div>\n\n\n\n<div class=\"wp-block-column is-layout-flow wp-block-column-is-layout-flow\">\n<p class=\"has-text-align-center\"><mark style=\"background-color:rgba(0, 0, 0, 0)\" class=\"has-inline-color has-neve-link-hover-color-color\"><strong>Trening si\u0142owy<\/strong><\/mark><\/p>\n\n\n<div class=\"wp-block-image\">\n<figure class=\"aligncenter size-full is-resized\"><img loading=\"lazy\" decoding=\"async\" width=\"500\" height=\"500\" src=\"https:\/\/speed4fit.pl\/wp-content\/uploads\/2021\/02\/92-proc-aktywowanych-miesni.png\" alt=\"\" class=\"wp-image-1517\" style=\"width:91px;height:auto\" srcset=\"https:\/\/speed4fit.pl\/wp-content\/uploads\/2021\/02\/92-proc-aktywowanych-miesni.png 500w, https:\/\/speed4fit.pl\/wp-content\/uploads\/2021\/02\/92-proc-aktywowanych-miesni-300x300.png 300w, https:\/\/speed4fit.pl\/wp-content\/uploads\/2021\/02\/92-proc-aktywowanych-miesni-150x150.png 150w\" sizes=\"auto, (max-width: 500px) 100vw, 500px\" \/><\/figure>\n<\/div><\/div>\n\n\n\n<div class=\"wp-block-column is-layout-flow wp-block-column-is-layout-flow\">\n<p class=\"has-text-align-center\"><mark style=\"background-color:rgba(0, 0, 0, 0)\" class=\"has-inline-color has-neve-link-hover-color-color\"><strong>Trening ABT<\/strong><\/mark><\/p>\n\n\n<div class=\"wp-block-image\">\n<figure class=\"aligncenter size-full is-resized\"><img loading=\"lazy\" decoding=\"async\" width=\"500\" height=\"500\" src=\"https:\/\/speed4fit.pl\/wp-content\/uploads\/2021\/02\/zrzucenie-kilku-kilogramow.png\" alt=\"\" class=\"wp-image-1510\" style=\"width:91px;height:auto\" srcset=\"https:\/\/speed4fit.pl\/wp-content\/uploads\/2021\/02\/zrzucenie-kilku-kilogramow.png 500w, https:\/\/speed4fit.pl\/wp-content\/uploads\/2021\/02\/zrzucenie-kilku-kilogramow-300x300.png 300w, https:\/\/speed4fit.pl\/wp-content\/uploads\/2021\/02\/zrzucenie-kilku-kilogramow-150x150.png 150w\" sizes=\"auto, (max-width: 500px) 100vw, 500px\" \/><\/figure>\n<\/div><\/div>\n\n\n\n<div class=\"wp-block-column is-layout-flow wp-block-column-is-layout-flow\">\n<p class=\"has-text-align-center\"><strong><mark style=\"background-color:rgba(0, 0, 0, 0)\" class=\"has-inline-color has-neve-link-hover-color-color\">Kszta\u0142towanie sylwetki<\/mark><\/strong><\/p>\n\n\n<div class=\"wp-block-image\">\n<figure class=\"aligncenter size-full is-resized\"><img loading=\"lazy\" decoding=\"async\" width=\"500\" height=\"500\" src=\"https:\/\/speed4fit.pl\/wp-content\/uploads\/2021\/02\/ujedrnienie-i-wymodelowanie-calego-ciala.png\" alt=\"\" class=\"wp-image-1512\" style=\"width:91px;height:auto\" srcset=\"https:\/\/speed4fit.pl\/wp-content\/uploads\/2021\/02\/ujedrnienie-i-wymodelowanie-calego-ciala.png 500w, https:\/\/speed4fit.pl\/wp-content\/uploads\/2021\/02\/ujedrnienie-i-wymodelowanie-calego-ciala-300x300.png 300w, https:\/\/speed4fit.pl\/wp-content\/uploads\/2021\/02\/ujedrnienie-i-wymodelowanie-calego-ciala-150x150.png 150w\" sizes=\"auto, (max-width: 500px) 100vw, 500px\" \/><\/figure>\n<\/div><\/div>\n\n\n\n<div class=\"wp-block-column is-layout-flow wp-block-column-is-layout-flow\">\n<p class=\"has-text-align-center\"><mark style=\"background-color:rgba(0, 0, 0, 0)\" class=\"has-inline-color has-neve-link-hover-color-color\"><strong>Rozci\u0105ganie<\/strong><\/mark><\/p>\n\n\n<div class=\"wp-block-image\">\n<figure class=\"aligncenter size-full is-resized\"><img loading=\"lazy\" decoding=\"async\" width=\"499\" height=\"499\" src=\"https:\/\/speed4fit.pl\/wp-content\/uploads\/2024\/06\/1-e1718533310532.png\" alt=\"\" class=\"wp-image-3215\" style=\"width:91px;height:auto\" srcset=\"https:\/\/speed4fit.pl\/wp-content\/uploads\/2024\/06\/1-e1718533310532.png 499w, https:\/\/speed4fit.pl\/wp-content\/uploads\/2024\/06\/1-e1718533310532-300x300.png 300w, https:\/\/speed4fit.pl\/wp-content\/uploads\/2024\/06\/1-e1718533310532-150x150.png 150w\" sizes=\"auto, (max-width: 499px) 100vw, 499px\" \/><\/figure>\n<\/div><\/div>\n<\/div>\n\n\n\n<div style=\"height:40px\" aria-hidden=\"true\" class=\"wp-block-spacer\"><\/div>\n\n\n\n<h2 class=\"wp-block-heading\">Do\u015bwiadczenie<\/h2>\n\n\n\n<div class=\"wp-block-columns is-layout-flex wp-container-core-columns-is-layout-9d6595d7 wp-block-columns-is-layout-flex\">\n<div class=\"wp-block-column is-layout-flow wp-block-column-is-layout-flow\">\n<ul class=\"wp-block-list\">\n<li>Do\u015bwiadczenie w prowadzeniu zaj\u0119\u0107 grupowych typu stretching<\/li>\n\n\n\n<li>Uko\u0144czona Akademia Szkolenia Trener\u00f3w &#8211; specjalno\u015b\u0107 Instruktor fitness<\/li>\n<\/ul>\n\n\n\n<p><br><\/p>\n<\/div>\n<\/div>\n\n\n\n<div class=\"wp-block-buttons is-content-justification-center is-layout-flex wp-container-core-buttons-is-layout-16018d1d wp-block-buttons-is-layout-flex\">\n<div class=\"wp-block-button is-style-primary\"><a class=\"wp-block-button__link wp-element-button\">Um\u00f3w si\u0119 do moniki<\/a><\/div>\n<\/div>\n\n\n\n<div style=\"height:40px\" aria-hidden=\"true\" class=\"wp-block-spacer\"><\/div>\n\n\n\n<h2 class=\"wp-block-heading\">Prywatnie<\/h2>\n\n\n\n<div style=\"height:31px\" aria-hidden=\"true\" class=\"wp-block-spacer\"><\/div>\n\n\n\n<div class=\"wp-block-columns is-layout-flex wp-container-core-columns-is-layout-9d6595d7 wp-block-columns-is-layout-flex\">\n<div class=\"wp-block-column is-layout-flow wp-block-column-is-layout-flow\">\n<p>&nbsp;ranny ptaszek, preferuj\u0119 poranne wstawanie<\/p>\n<\/div>\n\n\n\n<div class=\"wp-block-column is-layout-flow wp-block-column-is-layout-flow\">\n<p>\ud83c\udfa7 mi\u0142o\u015bniczka literatury oraz podcast\u00f3w o samorozwoju, emocjach, biznesie i finansach<\/p>\n<\/div>\n\n\n\n<div class=\"wp-block-column is-layout-flow wp-block-column-is-layout-flow\">\n<p>lubi\u0119 saunowa\u0107<\/p>\n<\/div>\n<\/div>\n\n\n\n<div style=\"height:40px\" aria-hidden=\"true\" class=\"wp-block-spacer\"><\/div>\n\n\n\n<hr class=\"wp-block-separator has-alpha-channel-opacity\"\/>\n\n\n\n<h2 class=\"wp-block-heading has-text-align-center\">Cennik i kontakt<\/h2>\n\n\n\n<div class=\"wp-block-columns is-layout-flex wp-container-core-columns-is-layout-9d6595d7 wp-block-columns-is-layout-flex\">\n<div class=\"wp-block-column is-layout-flow wp-block-column-is-layout-flow\">\n<div class=\"wp-block-buttons is-content-justification-center is-layout-flex wp-container-core-buttons-is-layout-16018d1d wp-block-buttons-is-layout-flex\">\n<div class=\"wp-block-button is-style-primary\"><a class=\"wp-block-button__link wp-element-button\" href=\"https:\/\/speed4fit.pl\/index.php\/cennik\/\">Sprawd\u017a cennik<\/a><\/div>\n<\/div>\n<\/div>\n\n\n\n<div class=\"wp-block-column is-layout-flow wp-block-column-is-layout-flow\">\n<div class=\"wp-block-buttons is-content-justification-center is-layout-flex wp-container-core-buttons-is-layout-16018d1d wp-block-buttons-is-layout-flex\">\n<div class=\"wp-block-button is-style-primary\"><a class=\"wp-block-button__link wp-element-button\" href=\"https:\/\/speed4fit.pl\/index.php\/kontakt\/\">Napisz WIADOMO\u015a\u0106<\/a><\/div>\n<\/div>\n<\/div>\n<\/div>\n\n\n\n<div style=\"height:0px\" aria-hidden=\"true\" class=\"wp-block-spacer\"><\/div>\n\n\n\n<hr class=\"wp-block-separator has-alpha-channel-opacity is-style-wide\"\/>\n","protected":false},"excerpt":{"rendered":"<p>O trenerze Treningi oraz fitness towarzysz\u0105 mi od niedawna. Pocz\u0105tkowo w roli klienta, aktualnie w roli trenera. Zafascynowana tym sportowym \u015bwiatem zacz\u0119\u0142am zg\u0142\u0119bia\u0107 wiedz\u0119 na ten temat, a wraz z aktywno\u015bci\u0105 fizyczn\u0105 pojawi\u0142o si\u0119 zainteresowanie od\u017cywaniem oraz nawykami \u017cywieniowymi. Jako trener chcia\u0142abym zara\u017ca\u0107 klient\u00f3w do wykonywania aktywno\u015bci fizycznej oraz wykszta\u0142cenia w sobie zdrowych nawyk\u00f3w \u017cywieniowych,&hellip;&nbsp;<a href=\"https:\/\/speed4fit.pl\/index.php\/monika\/\" rel=\"bookmark\">Dowiedz si\u0119 wi\u0119cej &raquo;<span class=\"screen-reader-text\">Monika<\/span><\/a><\/p>\n","protected":false},"author":2,"featured_media":0,"parent":0,"menu_order":0,"comment_status":"closed","ping_status":"closed","template":"","meta":{"neve_meta_sidebar":"full-width","neve_meta_container":"","neve_meta_enable_content_width":"on","neve_meta_content_width":100,"neve_meta_title_alignment":"","neve_meta_author_avatar":"","neve_post_elements_order":"","neve_meta_disable_header":"","neve_meta_disable_footer":"","neve_meta_disable_title":"","footnotes":""},"class_list":["post-3233","page","type-page","status-publish","hentry"],"_links":{"self":[{"href":"https:\/\/speed4fit.pl\/index.php\/wp-json\/wp\/v2\/pages\/3233","targetHints":{"allow":["GET"]}}],"collection":[{"href":"https:\/\/speed4fit.pl\/index.php\/wp-json\/wp\/v2\/pages"}],"about":[{"href":"https:\/\/speed4fit.pl\/index.php\/wp-json\/wp\/v2\/types\/page"}],"author":[{"embeddable":true,"href":"https:\/\/speed4fit.pl\/index.php\/wp-json\/wp\/v2\/users\/2"}],"replies":[{"embeddable":true,"href":"https:\/\/speed4fit.pl\/index.php\/wp-json\/wp\/v2\/comments?post=3233"}],"version-history":[{"count":3,"href":"https:\/\/speed4fit.pl\/index.php\/wp-json\/wp\/v2\/pages\/3233\/revisions"}],"predecessor-version":[{"id":3246,"href":"https:\/\/speed4fit.pl\/index.php\/wp-json\/wp\/v2\/pages\/3233\/revisions\/3246"}],"wp:attachment":[{"href":"https:\/\/speed4fit.pl\/index.php\/wp-json\/wp\/v2\/media?parent=3233"}],"curies":[{"name":"wp","href":"https:\/\/api.w.org\/{rel}","templated":true}]}}