{"id":3147,"date":"2024-04-12T22:53:07","date_gmt":"2024-04-12T20:53:07","guid":{"rendered":"https:\/\/speed4fit.pl\/?page_id=3147"},"modified":"2026-04-14T20:46:36","modified_gmt":"2026-04-14T18:46:36","slug":"cennik-trening-personalny","status":"publish","type":"page","link":"https:\/\/speed4fit.pl\/index.php\/cennik-trening-personalny\/","title":{"rendered":"Cennik &#8211; trening personalny"},"content":{"rendered":"\n<div class=\"wp-block-group alignwide\"><div class=\"wp-block-group__inner-container is-layout-constrained wp-block-group-is-layout-constrained\">\n<div class=\"wp-block-columns is-layout-flex wp-container-core-columns-is-layout-9d6595d7 wp-block-columns-is-layout-flex\">\n<div class=\"wp-block-column is-layout-flow wp-block-column-is-layout-flow\" style=\"flex-basis:100%\">\n<div class=\"wp-block-group alignwide\"><div class=\"wp-block-group__inner-container is-layout-constrained wp-block-group-is-layout-constrained\">\n<div style=\"height:32px\" aria-hidden=\"true\" class=\"wp-block-spacer\"><\/div>\n\n\n\n<p>Nasi wykwalifikowani trenerzy, dzi\u0119ki indywidualnemu podej\u015bciu podczas trening\u00f3w personalnych, nie tylko zapewni\u0105 mi\u0142e sp\u0119dzenie czasu, ale r\u00f3wnie\u017c zadbaj\u0105 o popraw\u0119 kondycji i o zach\u0119cenie do budowania zdrowych nawyk\u00f3w.<\/p>\n\n\n\n<div class=\"wp-block-group alignwide\"><div class=\"wp-block-group__inner-container is-layout-constrained wp-block-group-is-layout-constrained\">\n<h1 class=\"wp-block-heading alignwide has-text-align-center\"><strong><span style=\"background-color:rgba(0, 0, 0, 0)\" class=\"has-inline-color has-neve-link-hover-color-color\">Karnety<\/span><\/strong> <\/h1>\n\n\n\n<h3 class=\"wp-block-heading alignwide has-text-align-center\"><\/h3>\n\n\n\n<figure class=\"wp-block-table is-style-stripes\"><table><tbody><tr><td class=\"has-text-align-left\" data-align=\"left\"><strong>Trening personalny<\/strong><\/td><td class=\"has-text-align-center\" data-align=\"center\"><\/td><td class=\"has-text-align-center\" data-align=\"center\">249 z\u0142<\/td><td class=\"has-text-align-center\" data-align=\"center\"><\/td><\/tr><tr><td class=\"has-text-align-left\" data-align=\"left\"><strong>Karnet 4x trening personalny<\/strong><\/td><td class=\"has-text-align-center\" data-align=\"center\"><\/td><td class=\"has-text-align-center\" data-align=\"center\">899 z\u0142<\/td><td class=\"has-text-align-center\" data-align=\"center\"><\/td><\/tr><tr><td class=\"has-text-align-left\" data-align=\"left\"><strong>Karnet 8x trening personalny<\/strong><\/td><td class=\"has-text-align-center\" data-align=\"center\"><\/td><td class=\"has-text-align-center\" data-align=\"center\">1599 z\u0142<\/td><td class=\"has-text-align-center\" data-align=\"center\"><\/td><\/tr><\/tbody><\/table><\/figure>\n\n\n\n<h1 class=\"wp-block-heading alignwide has-text-align-center\"><strong><span style=\"background-color:rgba(0, 0, 0, 0)\" class=\"has-inline-color has-neve-link-hover-color-color\">Karnety<\/span><\/strong> <strong><mark style=\"background-color:rgba(0, 0, 0, 0)\" class=\"has-inline-color has-neve-link-hover-color-color\">w parach<\/mark><\/strong><\/h1>\n\n\n\n<h3 class=\"wp-block-heading alignwide has-text-align-center\"><\/h3>\n\n\n\n<figure class=\"wp-block-table is-style-stripes\"><table><tbody><tr><td><strong>Trening personalny<\/strong> <strong>w parch<\/strong><\/td><td><\/td><td class=\"has-text-align-center\" data-align=\"center\">399 z\u0142<\/td><td>\ufeff<\/td><\/tr><tr><td><strong>Karnet 4x trening personalny<\/strong> <strong>w parch<\/strong><\/td><td>\ufeff<\/td><td class=\"has-text-align-center\" data-align=\"center\">1399 z\u0142<\/td><td>\ufeff<\/td><\/tr><tr><td><strong>Karnet 8x trening personalny<\/strong> <strong>w parch<\/strong><\/td><td>\ufeff<\/td><td class=\"has-text-align-center\" data-align=\"center\">2399 z\u0142<\/td><td>\ufeff<\/td><\/tr><\/tbody><\/table><\/figure>\n<\/div><\/div>\n<\/div><\/div>\n<\/div>\n<\/div>\n<\/div><\/div>\n\n\n\n<p>A je\u015bli ju\u017c macie pytania dotycz\u0105ce zaj\u0119\u0107 lub wolnych termin\u00f3w, to zapraszamy do kontaktu! <\/p>\n\n\n\n<div class=\"wp-block-buttons alignwide is-content-justification-center is-layout-flex wp-container-core-buttons-is-layout-16018d1d wp-block-buttons-is-layout-flex\">\n<div class=\"wp-block-button is-style-primary\"><a class=\"wp-block-button__link has-neve-link-hover-color-color has-nv-dark-bg-background-color has-text-color has-background has-link-color wp-element-button\" href=\"https:\/\/speed4fit.pl\/index.php\/kontakt\/\">Um\u00f3w si\u0119 na trening<\/a><\/div>\n<\/div>\n\n\n\n<div style=\"height:30px\" aria-hidden=\"true\" class=\"wp-block-spacer\"><\/div>\n\n\n\n<hr class=\"wp-block-separator has-alpha-channel-opacity is-style-wide\"\/>\n\n\n\n<div style=\"height:9px\" aria-hidden=\"true\" class=\"wp-block-spacer\"><\/div>\n\n\n\n\n\n\n\n\n","protected":false},"excerpt":{"rendered":"<p>Nasi wykwalifikowani trenerzy, dzi\u0119ki indywidualnemu podej\u015bciu podczas trening\u00f3w personalnych, nie tylko zapewni\u0105 mi\u0142e sp\u0119dzenie czasu, ale r\u00f3wnie\u017c zadbaj\u0105 o popraw\u0119 kondycji i o zach\u0119cenie do budowania zdrowych nawyk\u00f3w. Karnety Trening personalny 249 z\u0142 Karnet 4x trening personalny 899 z\u0142 Karnet 8x trening personalny 1599 z\u0142 Karnety w parach Trening personalny w parch 399 z\u0142 \ufeff&hellip;&nbsp;<a href=\"https:\/\/speed4fit.pl\/index.php\/cennik-trening-personalny\/\" rel=\"bookmark\">Dowiedz si\u0119 wi\u0119cej &raquo;<span class=\"screen-reader-text\">Cennik &#8211; trening personalny<\/span><\/a><\/p>\n","protected":false},"author":2,"featured_media":0,"parent":0,"menu_order":0,"comment_status":"closed","ping_status":"closed","template":"","meta":{"neve_meta_sidebar":"","neve_meta_container":"","neve_meta_enable_content_width":"","neve_meta_content_width":0,"neve_meta_title_alignment":"","neve_meta_author_avatar":"","neve_post_elements_order":"","neve_meta_disable_header":"","neve_meta_disable_footer":"","neve_meta_disable_title":"","footnotes":""},"class_list":["post-3147","page","type-page","status-publish","hentry"],"_links":{"self":[{"href":"https:\/\/speed4fit.pl\/index.php\/wp-json\/wp\/v2\/pages\/3147","targetHints":{"allow":["GET"]}}],"collection":[{"href":"https:\/\/speed4fit.pl\/index.php\/wp-json\/wp\/v2\/pages"}],"about":[{"href":"https:\/\/speed4fit.pl\/index.php\/wp-json\/wp\/v2\/types\/page"}],"author":[{"embeddable":true,"href":"https:\/\/speed4fit.pl\/index.php\/wp-json\/wp\/v2\/users\/2"}],"replies":[{"embeddable":true,"href":"https:\/\/speed4fit.pl\/index.php\/wp-json\/wp\/v2\/comments?post=3147"}],"version-history":[{"count":10,"href":"https:\/\/speed4fit.pl\/index.php\/wp-json\/wp\/v2\/pages\/3147\/revisions"}],"predecessor-version":[{"id":3505,"href":"https:\/\/speed4fit.pl\/index.php\/wp-json\/wp\/v2\/pages\/3147\/revisions\/3505"}],"wp:attachment":[{"href":"https:\/\/speed4fit.pl\/index.php\/wp-json\/wp\/v2\/media?parent=3147"}],"curies":[{"name":"wp","href":"https:\/\/api.w.org\/{rel}","templated":true}]}}