{"id":3145,"date":"2024-04-12T22:53:07","date_gmt":"2024-04-12T20:53:07","guid":{"rendered":"https:\/\/speed4fit.pl\/?page_id=3145"},"modified":"2025-08-25T09:23:50","modified_gmt":"2025-08-25T07:23:50","slug":"trening-personalny","status":"publish","type":"page","link":"https:\/\/speed4fit.pl\/index.php\/trening-personalny\/","title":{"rendered":"Trening personalny"},"content":{"rendered":"\n<div style=\"height:70px\" aria-hidden=\"true\" class=\"wp-block-spacer\"><\/div>\n\n\n\n<p class=\"has-text-align-center\">Osi\u0105gnij swoje cele &#8211; \u017cyciowe i sylwetkowe &#8211; ze <strong><em>Speed<mark style=\"background-color:rgba(0, 0, 0, 0)\" class=\"has-inline-color has-neve-link-hover-color-color\">4<\/mark>fit<\/em><\/strong>! Nasze treningi personalne s\u0105 dostosowane do Twojego tempa \u017cycia, potrzeb i mo\u017cliwo\u015bci. <strong>Poznaj nasz\u0105 now\u0105 ofert\u0119. <\/strong><\/p>\n\n\n\n<div class=\"wp-block-buttons alignwide is-horizontal is-content-justification-center is-layout-flex wp-container-core-buttons-is-layout-499968f5 wp-block-buttons-is-layout-flex\">\n<div class=\"wp-block-button has-custom-width wp-block-button__width-50 is-style-primary\"><a class=\"wp-block-button__link has-neve-link-hover-color-color has-nv-dark-bg-background-color has-text-color has-background has-link-color has-text-align-center wp-element-button\" href=\"https:\/\/speed4fit.pl\/index.php\/kontakt\/\">Um\u00f3w si\u0119 na trening<\/a><\/div>\n<\/div>\n\n\n\n<div style=\"height:40px\" aria-hidden=\"true\" class=\"wp-block-spacer\"><\/div>\n\n\n\n<hr class=\"wp-block-separator has-alpha-channel-opacity is-style-wide\"\/>\n\n\n\n<div style=\"height:40px\" aria-hidden=\"true\" class=\"wp-block-spacer\"><\/div>\n\n\n\n<h2 class=\"wp-block-heading\">Dla kogo s\u0105 treningi personalne?<\/h2>\n\n\n\n<div style=\"height:30px\" aria-hidden=\"true\" class=\"wp-block-spacer\"><\/div>\n\n\n\n<p>Zastanawiasz si\u0119, czy potrzebujesz trening\u00f3w personalnych? Zobacz z jakimi sprawami najcz\u0119\u015bciej zg\u0142aszaj\u0105 si\u0119 do nas klienci, kt\u00f3rzy wybieraj\u0105 trening personalne:<\/p>\n\n\n\n<div style=\"height:39px\" aria-hidden=\"true\" class=\"wp-block-spacer\"><\/div>\n\n\n\n<div style=\"height:0px\" aria-hidden=\"true\" class=\"wp-block-spacer\"><\/div>\n\n\n\n<div class=\"wp-block-columns is-layout-flex wp-container-core-columns-is-layout-9d6595d7 wp-block-columns-is-layout-flex\">\n<div class=\"wp-block-column is-layout-flow wp-block-column-is-layout-flow\">\n<h4 class=\"wp-block-heading\"><mark style=\"background-color:rgba(0, 0, 0, 0)\" class=\"has-inline-color has-neve-link-hover-color-color\">Jestem zapracowany_a<\/mark><\/h4>\n\n\n\n<p>Z nami nie musisz dostosowywa\u0107 si\u0119 do sztywnego grafiku. Treningi personalne to elastyczno\u015b\u0107 harmonogramu, dzi\u0119ki kt\u00f3rej dostosujesz aktywno\u015b\u0107 fizyczn\u0105 do swojego zapracowanego \u017cycia.<\/p>\n<\/div>\n\n\n\n<div class=\"wp-block-column is-layout-flow wp-block-column-is-layout-flow\">\n<h4 class=\"wp-block-heading\"><mark style=\"background-color:rgba(0, 0, 0, 0)\" class=\"has-inline-color has-neve-link-hover-color-color\">Mam ma\u0142e dziecko<\/mark><\/h4>\n\n\n\n<p>Dla zaj\u0119tych rodzic\u00f3w zapewniamy treningi, kt\u00f3re mo\u017cesz dostosowa\u0107 do swojego czasu. Nie musisz rezygnowa\u0107 z dbania o siebie z powodu obowi\u0105zk\u00f3w rodzicielskich.<\/p>\n<\/div>\n\n\n\n<div class=\"wp-block-column is-layout-flow wp-block-column-is-layout-flow\">\n<h4 class=\"wp-block-heading\"><mark style=\"background-color:rgba(0, 0, 0, 0)\" class=\"has-inline-color has-neve-link-hover-color-color\">Potrzebuj\u0119 motywacji<\/mark><\/h4>\n\n\n\n<p>Nasi trenerzy osobistych dedykuj\u0105 czas, aby zmotywowa\u0107 Ci\u0119 do pokonywania w\u0142asnych ogranicze\u0144. Razem prze\u0142amiemy wszelkie bariery i osi\u0105gniemy Twoje cele.<\/p>\n<\/div>\n<\/div>\n\n\n\n<div style=\"height:40px\" aria-hidden=\"true\" class=\"wp-block-spacer\"><\/div>\n\n\n\n<div class=\"wp-block-columns is-layout-flex wp-container-core-columns-is-layout-9d6595d7 wp-block-columns-is-layout-flex\">\n<div class=\"wp-block-column is-layout-flow wp-block-column-is-layout-flow\">\n<h4 class=\"wp-block-heading\"><mark style=\"background-color:rgba(0, 0, 0, 0)\" class=\"has-inline-color has-neve-link-hover-color-color\">Szukam urozmaicenia<\/mark><\/h4>\n\n\n\n<p>Treningi personalne to nie monotonia, ale urozmaicenie. Razem z trenerem opracujesz zr\u00f3\u017cnicowane plany treningowe, dostosowane do Twoich upodoba\u0144. Masz ulubiona muzyk\u0119? A mo\u017ce s\u0105 \u0107wiczenia, kt\u00f3rych nie lubisz? Na treningach personalnych mo\u017cemy spe\u0142nia\u0107 \u017cyczenia \ud83d\ude42 <\/p>\n<\/div>\n\n\n\n<div class=\"wp-block-column is-layout-flow wp-block-column-is-layout-flow\">\n<h4 class=\"wp-block-heading\"><mark style=\"background-color:rgba(0, 0, 0, 0)\" class=\"has-inline-color has-neve-link-hover-color-color\">Chc\u0119 si\u0119 rozwija\u0107<\/mark><\/h4>\n\n\n\n<p>Nasze treningi personalne to nie tylko praca nad sylwetk\u0105, ale tak\u017ce rozwijanie si\u0119 fizyczne i psychiczne. Odkryj swoje mo\u017cliwo\u015bci i prze\u0142amuj kolejne bariery. Naucz si\u0119 stania na r\u0119kach, biegaj szybciej, zr\u00f3b szpagat, zbuduj tkank\u0119 mi\u0119\u015bniow\u0105, popraw postaw\u0119. A mo\u017ce masz inne cele? Opowiedz nam o nich! <\/p>\n<\/div>\n\n\n\n<div class=\"wp-block-column is-layout-flow wp-block-column-is-layout-flow\">\n<h4 class=\"wp-block-heading\"><mark style=\"background-color:rgba(0, 0, 0, 0)\" class=\"has-inline-color has-neve-link-hover-color-color\">Musz\u0119 schudn\u0105\u0107 przed \u015blubem<\/mark><\/h4>\n\n\n\n<p>Z nami osi\u0105gniesz wymarzon\u0105 form\u0119 przed wielkim dniem. Indywidualne podej\u015bcie trenera sprawi, \u017ce proces odchudzania b\u0119dzie efektywny, zdrowy i dostosowany do Twoich potrzeb. Lub rozmiar\u00f3w garnituru czy te\u017c sukni \u015blubnej \ud83d\ude42 <\/p>\n<\/div>\n<\/div>\n\n\n\n<hr class=\"wp-block-separator has-alpha-channel-opacity is-style-wide\"\/>\n\n\n\n<h2 class=\"wp-block-heading\">Dlaczego trening personalny <br>w <em>Speed<mark style=\"background-color:rgba(0, 0, 0, 0)\" class=\"has-inline-color has-neve-link-hover-color-color\">4<\/mark>fit<\/em>?<\/h2>\n\n\n\n<div style=\"height:40px\" aria-hidden=\"true\" class=\"wp-block-spacer\"><\/div>\n\n\n\n<div class=\"wp-block-columns is-layout-flex wp-container-core-columns-is-layout-9d6595d7 wp-block-columns-is-layout-flex\">\n<div class=\"wp-block-column is-layout-flow wp-block-column-is-layout-flow\">\n<p>Nasi trenerzy to zesp\u00f3\u0142 do\u015bwiadczonych specjalist\u00f3w, pasjonat\u00f3w sportu, gotowych pom\u00f3c Ci w osi\u0105gni\u0119ciu Twoich cel\u00f3w.<\/p>\n<\/div>\n\n\n\n<div class=\"wp-block-column is-layout-flow wp-block-column-is-layout-flow\">\n<p>Wsp\u00f3lnie z nimi przejdziesz przez Twoj\u0105 sportow\u0105 podr\u00f3\u017c, czerpi\u0105c z ich do\u015bwiadczenia i wiedzy.<\/p>\n<\/div>\n<\/div>\n\n\n\n<div class=\"wp-block-columns is-layout-flex wp-container-core-columns-is-layout-9d6595d7 wp-block-columns-is-layout-flex\">\n<div class=\"wp-block-column is-layout-flow wp-block-column-is-layout-flow\">\n<p>Ka\u017cdy z nich posiada profesjonalne certyfikaty, a ich wiedza jest stale poszerzana, aby dostarcza\u0107 najnowsze i najbardziej skuteczne metody treningowe.<\/p>\n<\/div>\n\n\n\n<div class=\"wp-block-column is-layout-flow wp-block-column-is-layout-flow\">\n<p>Daj sobie szans\u0119 na trening, kt\u00f3ry naprawd\u0119 pasuje do Ciebie, z trenerami, kt\u00f3rzy naprawd\u0119 si\u0119 licz\u0105.<\/p>\n<\/div>\n<\/div>\n\n\n\n<div style=\"height:40px\" aria-hidden=\"true\" class=\"wp-block-spacer\"><\/div>\n\n\n\n<hr class=\"wp-block-separator has-alpha-channel-opacity is-style-wide\"\/>\n\n\n\n<h2 class=\"wp-block-heading\">Jak wygl\u0105daj\u0105 treningi personalne?<\/h2>\n\n\n\n<div style=\"height:40px\" aria-hidden=\"true\" class=\"wp-block-spacer\"><\/div>\n\n\n\n<div class=\"wp-block-columns is-layout-flex wp-container-core-columns-is-layout-9d6595d7 wp-block-columns-is-layout-flex\">\n<div class=\"wp-block-column is-layout-flow wp-block-column-is-layout-flow\">\n<h3 class=\"wp-block-heading\">Dowiedz si\u0119 wi\u0119cej o trenerach<\/h3>\n\n\n\n<div class=\"wp-block-buttons is-content-justification-left is-layout-flex wp-container-core-buttons-is-layout-fdcfc74e wp-block-buttons-is-layout-flex\">\n<div class=\"wp-block-button\"><a class=\"wp-block-button__link has-neve-link-hover-color-background-color has-background wp-element-button\" href=\"https:\/\/speed4fit.pl\/index.php\/o-ems-2\/nasz-zespol\/\">Nasi trenerzy<\/a><\/div>\n<\/div>\n<\/div>\n\n\n\n<div class=\"wp-block-column is-layout-flow wp-block-column-is-layout-flow\">\n<h4 class=\"wp-block-heading\">Zobacz jak wygl\u0105daj\u0105 treningi<\/h4>\n\n\n\n<div class=\"wp-block-buttons is-layout-flex wp-block-buttons-is-layout-flex\">\n<div class=\"wp-block-button\"><a class=\"wp-block-button__link has-neve-link-hover-color-background-color has-background wp-element-button\" href=\"https:\/\/www.instagram.com\/speed4fit\/\">Zobacz nasze konto na Instagramie<\/a><\/div>\n<\/div>\n<\/div>\n<\/div>\n\n\n\n<div style=\"height:40px\" aria-hidden=\"true\" class=\"wp-block-spacer\"><\/div>\n\n\n\n<hr class=\"wp-block-separator has-alpha-channel-opacity is-style-wide\"\/>\n\n\n\n<h2 class=\"wp-block-heading\">Cennik trening\u00f3w personalnych<\/h2>\n\n\n\n<figure class=\"wp-block-table is-style-stripes\"><table><tbody><tr><td><strong>Trening personalny <\/strong><\/td><td>199 z\u0142<\/td><\/tr><tr><td>Karnet 4x trening personalny<\/td><td>699 z\u0142<\/td><\/tr><tr><td>Karnet 8x trening personalny<\/td><td>1299 z\u0142<\/td><\/tr><\/tbody><\/table><\/figure>\n\n\n\n<div style=\"height:40px\" aria-hidden=\"true\" class=\"wp-block-spacer\"><\/div>\n\n\n\n<hr class=\"wp-block-separator has-alpha-channel-opacity is-style-wide\"\/>\n\n\n\n<h2 class=\"wp-block-heading\">Sprawd\u017a pozosta\u0142e us\u0142ugi <em><strong>Speed<mark style=\"background-color:rgba(0, 0, 0, 0)\" class=\"has-inline-color has-neve-link-hover-color-color\">4<\/mark>fit<\/strong><\/em><\/h2>\n\n\n\n<div style=\"height:42px\" aria-hidden=\"true\" class=\"wp-block-spacer\"><\/div>\n\n\n\n<div class=\"wp-block-columns is-layout-flex wp-container-core-columns-is-layout-9d6595d7 wp-block-columns-is-layout-flex\">\n<div class=\"wp-block-column is-layout-flow wp-block-column-is-layout-flow\">\n<h3 class=\"wp-block-heading\">Treningi EMS<\/h3>\n\n\n\n<div class=\"wp-block-buttons is-layout-flex wp-block-buttons-is-layout-flex\">\n<div class=\"wp-block-button is-style-default\"><a class=\"wp-block-button__link has-neve-link-hover-color-background-color has-background wp-element-button\" href=\"https:\/\/speed4fit.pl\/index.php\/o-ems-2\/\">dowiedz si\u0119 wi\u0119cej <\/a><\/div>\n<\/div>\n<\/div>\n\n\n\n<div class=\"wp-block-column is-layout-flow wp-block-column-is-layout-flow\">\n<h3 class=\"wp-block-heading\">Nowo\u015bci <\/h3>\n\n\n\n<div class=\"wp-block-buttons is-layout-flex wp-block-buttons-is-layout-flex\">\n<div class=\"wp-block-button is-style-default\"><a class=\"wp-block-button__link has-neve-link-hover-color-background-color has-background wp-element-button\">Dowiedz si\u0119 wi\u0119cej<\/a><\/div>\n<\/div>\n<\/div>\n<\/div>\n\n\n\n<div style=\"height:40px\" aria-hidden=\"true\" class=\"wp-block-spacer\"><\/div>\n\n\n\n<hr class=\"wp-block-separator has-alpha-channel-opacity is-style-wide\"\/>\n","protected":false},"excerpt":{"rendered":"<p>Osi\u0105gnij swoje cele &#8211; \u017cyciowe i sylwetkowe &#8211; ze Speed4fit! Nasze treningi personalne s\u0105 dostosowane do Twojego tempa \u017cycia, potrzeb i mo\u017cliwo\u015bci. Poznaj nasz\u0105 now\u0105 ofert\u0119. Dla kogo s\u0105 treningi personalne? Zastanawiasz si\u0119, czy potrzebujesz trening\u00f3w personalnych? Zobacz z jakimi sprawami najcz\u0119\u015bciej zg\u0142aszaj\u0105 si\u0119 do nas klienci, kt\u00f3rzy wybieraj\u0105 trening personalne: Jestem zapracowany_a Z nami&hellip;&nbsp;<a href=\"https:\/\/speed4fit.pl\/index.php\/trening-personalny\/\" rel=\"bookmark\">Dowiedz si\u0119 wi\u0119cej &raquo;<span class=\"screen-reader-text\">Trening personalny<\/span><\/a><\/p>\n","protected":false},"author":2,"featured_media":0,"parent":0,"menu_order":0,"comment_status":"closed","ping_status":"closed","template":"","meta":{"neve_meta_sidebar":"","neve_meta_container":"","neve_meta_enable_content_width":"","neve_meta_content_width":0,"neve_meta_title_alignment":"","neve_meta_author_avatar":"","neve_post_elements_order":"","neve_meta_disable_header":"","neve_meta_disable_footer":"","neve_meta_disable_title":"","footnotes":""},"class_list":["post-3145","page","type-page","status-publish","hentry"],"_links":{"self":[{"href":"https:\/\/speed4fit.pl\/index.php\/wp-json\/wp\/v2\/pages\/3145","targetHints":{"allow":["GET"]}}],"collection":[{"href":"https:\/\/speed4fit.pl\/index.php\/wp-json\/wp\/v2\/pages"}],"about":[{"href":"https:\/\/speed4fit.pl\/index.php\/wp-json\/wp\/v2\/types\/page"}],"author":[{"embeddable":true,"href":"https:\/\/speed4fit.pl\/index.php\/wp-json\/wp\/v2\/users\/2"}],"replies":[{"embeddable":true,"href":"https:\/\/speed4fit.pl\/index.php\/wp-json\/wp\/v2\/comments?post=3145"}],"version-history":[{"count":5,"href":"https:\/\/speed4fit.pl\/index.php\/wp-json\/wp\/v2\/pages\/3145\/revisions"}],"predecessor-version":[{"id":3467,"href":"https:\/\/speed4fit.pl\/index.php\/wp-json\/wp\/v2\/pages\/3145\/revisions\/3467"}],"wp:attachment":[{"href":"https:\/\/speed4fit.pl\/index.php\/wp-json\/wp\/v2\/media?parent=3145"}],"curies":[{"name":"wp","href":"https:\/\/api.w.org\/{rel}","templated":true}]}}