{"id":285,"date":"2021-01-20T12:30:39","date_gmt":"2021-01-20T11:30:39","guid":{"rendered":"https:\/\/serwer1504040.home.pl\/Speed4fit\/?page_id=285"},"modified":"2025-07-09T12:55:57","modified_gmt":"2025-07-09T10:55:57","slug":"nasze-studio","status":"publish","type":"page","link":"https:\/\/speed4fit.pl\/index.php\/o-nas\/nasze-studio\/","title":{"rendered":"Studio Przytulna"},"content":{"rendered":"\n<div style=\"height:39px\" aria-hidden=\"true\" class=\"wp-block-spacer\"><\/div>\n\n\n\n<h2 class=\"wp-block-heading\"><em><strong>Speed<span style=\"background-color:rgba(0, 0, 0, 0)\" class=\"has-inline-color has-neve-link-hover-color-color\">4<\/span>Fit<\/strong><\/em> &#8211; wej\u015bcie <\/h2>\n\n\n\n<div style=\"height:42px\" aria-hidden=\"true\" class=\"wp-block-spacer\"><\/div>\n\n\n\n<p>Szybko do nas dotrzesz, poniewa\u017c studio <em><strong>Speed<span style=\"background-color:rgba(0, 0, 0, 0)\" class=\"has-inline-color has-neve-link-hover-color-color\">4<\/span>Fit <\/strong><\/em>znajduje si\u0119 tu\u017c przy obwodnicy na wysoko\u015bci centrum handlowego Auchan- Osiedle Wisz\u0105ce Ogrody. Oczywi\u015bcie na miejscu znajdziesz bezp\u0142atny parking.<br>Bez problemu r\u00f3wnie\u017c dojedziesz tutaj komunikacj\u0105 miejsk\u0105:<\/p>\n\n\n\n<ul class=\"wp-block-list\">\n<li>8 minut pieszo od stacji PKM Gda\u0144sk Kie\u0142pinek<\/li>\n<\/ul>\n\n\n\n<ul class=\"wp-block-list\">\n<li>5 minut pieszo od przystank\u00f3w autobusowych linii 155, 167, 168<\/li>\n<\/ul>\n\n\n\n<div style=\"height:23px\" aria-hidden=\"true\" class=\"wp-block-spacer\"><\/div>\n\n\n\n<p class=\"has-text-align-center\"><strong>Jeste\u015bmy dla Ciebie czynni w godzinach:<\/strong><\/p>\n\n\n\n<p class=\"has-text-align-center\"><strong>Pn.-Pt.<\/strong>   8.00-21.00<br><strong>Sobota<\/strong>  8.00-15.00<\/p>\n\n\n\n<div style=\"height:31px\" aria-hidden=\"true\" class=\"wp-block-spacer\"><\/div>\n\n\n\n<p>Oczywi\u015bcie mo\u017cemy rozpocz\u0105\u0107 wcze\u015bniej lub zosta\u0107 d\u0142u\u017cej, \u017ceby\u015b w pe\u0142ni zrealizowa\u0142 sw\u00f3j trening czy zabieg.<\/p>\n\n\n\n<p>Dzi\u0119ki temu, \u017ce w pobli\u017cu znajduje si\u0119 sklep spo\u017cywczy, piekarnia, sklep mi\u0119sny, garma\u017c, warzywniak, paczkomat oraz wiele us\u0142ug m.in. fryzjer, kosmetyczka, podolog a tak\u017ce bankomat mo\u017cesz przy okazji wizyty w naszym studio za\u0142atwi\u0107 kilka spraw. <\/p>\n\n\n\n<p><\/p>\n\n\n\n<figure class=\"wp-block-gallery has-nested-images columns-default is-cropped wp-block-gallery-1 is-layout-flex wp-block-gallery-is-layout-flex\">\n<figure class=\"wp-block-image size-large\"><img loading=\"lazy\" decoding=\"async\" width=\"1024\" height=\"666\" data-id=\"1249\" src=\"https:\/\/speed4fit.pl\/wp-content\/uploads\/2021\/02\/KACIK-DLA-DZIECI-1024x666.jpg\" alt=\"\" class=\"wp-image-1249\" srcset=\"https:\/\/speed4fit.pl\/wp-content\/uploads\/2021\/02\/KACIK-DLA-DZIECI-1024x666.jpg 1024w, https:\/\/speed4fit.pl\/wp-content\/uploads\/2021\/02\/KACIK-DLA-DZIECI-300x195.jpg 300w, https:\/\/speed4fit.pl\/wp-content\/uploads\/2021\/02\/KACIK-DLA-DZIECI-768x500.jpg 768w, https:\/\/speed4fit.pl\/wp-content\/uploads\/2021\/02\/KACIK-DLA-DZIECI-1536x999.jpg 1536w, https:\/\/speed4fit.pl\/wp-content\/uploads\/2021\/02\/KACIK-DLA-DZIECI-2048x1332.jpg 2048w\" sizes=\"auto, (max-width: 1024px) 100vw, 1024px\" \/><figcaption class=\"wp-element-caption\">K\u0105cik dla najm\u0142odszych<\/figcaption><\/figure>\n\n\n\n<figure class=\"wp-block-image size-large\"><img loading=\"lazy\" decoding=\"async\" width=\"768\" height=\"768\" data-id=\"287\" src=\"https:\/\/speed4fit.pl\/wp-content\/uploads\/2021\/01\/speed4fit_otwarcie-1.jpg\" alt=\"\" class=\"wp-image-287\" srcset=\"https:\/\/speed4fit.pl\/wp-content\/uploads\/2021\/01\/speed4fit_otwarcie-1.jpg 768w, https:\/\/speed4fit.pl\/wp-content\/uploads\/2021\/01\/speed4fit_otwarcie-1-300x300.jpg 300w, https:\/\/speed4fit.pl\/wp-content\/uploads\/2021\/01\/speed4fit_otwarcie-1-150x150.jpg 150w\" sizes=\"auto, (max-width: 768px) 100vw, 768px\" \/><figcaption class=\"wp-element-caption\">Wej\u015bcie<\/figcaption><\/figure>\n\n\n\n<figure class=\"wp-block-image size-large\"><img loading=\"lazy\" decoding=\"async\" width=\"1024\" height=\"683\" data-id=\"839\" src=\"https:\/\/speed4fit.pl\/wp-content\/uploads\/2021\/02\/speed4fit_IMG_3614-1024x683.jpg\" alt=\"studio spee4fit_wn\u0119trze\" class=\"wp-image-839\" srcset=\"https:\/\/speed4fit.pl\/wp-content\/uploads\/2021\/02\/speed4fit_IMG_3614-1024x683.jpg 1024w, https:\/\/speed4fit.pl\/wp-content\/uploads\/2021\/02\/speed4fit_IMG_3614-300x200.jpg 300w, https:\/\/speed4fit.pl\/wp-content\/uploads\/2021\/02\/speed4fit_IMG_3614-768x512.jpg 768w, https:\/\/speed4fit.pl\/wp-content\/uploads\/2021\/02\/speed4fit_IMG_3614-1536x1024.jpg 1536w, https:\/\/speed4fit.pl\/wp-content\/uploads\/2021\/02\/speed4fit_IMG_3614-2048x1365.jpg 2048w, https:\/\/speed4fit.pl\/wp-content\/uploads\/2021\/02\/speed4fit_IMG_3614-930x620.jpg 930w\" sizes=\"auto, (max-width: 1024px) 100vw, 1024px\" \/><figcaption class=\"wp-element-caption\">Poczekalnia<\/figcaption><\/figure>\n<\/figure>\n\n\n\n<div style=\"height:40px\" aria-hidden=\"true\" class=\"wp-block-spacer\"><\/div>\n\n\n\n<div class=\"wp-block-buttons is-content-justification-center is-layout-flex wp-container-core-buttons-is-layout-16018d1d wp-block-buttons-is-layout-flex\">\n<div class=\"wp-block-button is-style-default\"><a class=\"wp-block-button__link has-neve-link-hover-color-background-color has-background wp-element-button\" href=\"https:\/\/speed4fit.pl\/index.php\/kontakt\/\">sprawd\u017a jak dojecha\u0107<\/a><\/div>\n<\/div>\n\n\n\n<hr class=\"wp-block-separator has-css-opacity is-style-wide\"\/>\n\n\n\n<h2 class=\"wp-block-heading\"><strong><em>Speed<span style=\"background-color:rgba(0, 0, 0, 0)\" class=\"has-inline-color has-neve-link-hover-color-color\">4<\/span>Fit<\/em><\/strong> &#8211; miejsca treningowe<\/h2>\n\n\n\n<div style=\"height:33px\" aria-hidden=\"true\" class=\"wp-block-spacer\"><\/div>\n\n\n\n<p>Trening jest dopasowany do Twoich potrzeb, \u0107wiczysz indywidualnie wed\u0142ug wsp\u00f3lnie ustalonego planu. W czasie treningu EMS pracujemy g\u0142\u00f3wnie z obci\u0105\u017ceniem w\u0142asnego cia\u0142a lub ze sprz\u0119tem typu gumy oporowe, mini bandy, ta\u015bmy podwieszane, hantle oraz inny lekki sprz\u0119t. <\/p>\n\n\n\n<figure class=\"wp-block-gallery has-nested-images columns-default is-cropped wp-block-gallery-2 is-layout-flex wp-block-gallery-is-layout-flex\">\n<figure class=\"wp-block-image size-large\"><img loading=\"lazy\" decoding=\"async\" width=\"1024\" height=\"1024\" data-id=\"87\" src=\"https:\/\/speed4fit.pl\/wp-content\/uploads\/2021\/01\/73210020_144544040270855_2629963265962147840_o-1024x1024.jpg\" alt=\"\" class=\"wp-image-87\" srcset=\"https:\/\/speed4fit.pl\/wp-content\/uploads\/2021\/01\/73210020_144544040270855_2629963265962147840_o-1024x1024.jpg 1024w, https:\/\/speed4fit.pl\/wp-content\/uploads\/2021\/01\/73210020_144544040270855_2629963265962147840_o-300x300.jpg 300w, https:\/\/speed4fit.pl\/wp-content\/uploads\/2021\/01\/73210020_144544040270855_2629963265962147840_o-150x150.jpg 150w, https:\/\/speed4fit.pl\/wp-content\/uploads\/2021\/01\/73210020_144544040270855_2629963265962147840_o-768x768.jpg 768w, https:\/\/speed4fit.pl\/wp-content\/uploads\/2021\/01\/73210020_144544040270855_2629963265962147840_o.jpg 1080w\" sizes=\"auto, (max-width: 1024px) 100vw, 1024px\" \/><\/figure>\n\n\n\n<figure class=\"wp-block-image size-large\"><img loading=\"lazy\" decoding=\"async\" width=\"1024\" height=\"1024\" data-id=\"67\" src=\"https:\/\/speed4fit.pl\/wp-content\/uploads\/2021\/01\/speed4fit20EMS-1024x1024.jpg\" alt=\"\" class=\"wp-image-67\" srcset=\"https:\/\/speed4fit.pl\/wp-content\/uploads\/2021\/01\/speed4fit20EMS-1024x1024.jpg 1024w, https:\/\/speed4fit.pl\/wp-content\/uploads\/2021\/01\/speed4fit20EMS-300x300.jpg 300w, https:\/\/speed4fit.pl\/wp-content\/uploads\/2021\/01\/speed4fit20EMS-150x150.jpg 150w, https:\/\/speed4fit.pl\/wp-content\/uploads\/2021\/01\/speed4fit20EMS-768x768.jpg 768w, https:\/\/speed4fit.pl\/wp-content\/uploads\/2021\/01\/speed4fit20EMS-1536x1536.jpg 1536w, https:\/\/speed4fit.pl\/wp-content\/uploads\/2021\/01\/speed4fit20EMS-2048x2048.jpg 2048w\" sizes=\"auto, (max-width: 1024px) 100vw, 1024px\" \/><\/figure>\n<\/figure>\n\n\n\n<div style=\"height:40px\" aria-hidden=\"true\" class=\"wp-block-spacer\"><\/div>\n\n\n\n<div class=\"wp-block-buttons is-content-justification-center is-layout-flex wp-container-core-buttons-is-layout-16018d1d wp-block-buttons-is-layout-flex\">\n<div class=\"wp-block-button is-style-default\"><a class=\"wp-block-button__link has-neve-link-hover-color-background-color has-background wp-element-button\" href=\"https:\/\/speed4fit.pl\/index.php\/kontakt\/\">Um\u00f3w si\u0119 na trening<\/a><\/div>\n<\/div>\n\n\n\n<hr class=\"wp-block-separator has-css-opacity is-style-wide\"\/>\n\n\n\n<h2 class=\"wp-block-heading\"><em><strong>Speed<span style=\"background-color:rgba(0, 0, 0, 0)\" class=\"has-inline-color has-neve-link-hover-color-color\">4<\/span>Fit<\/strong><\/em> &#8211; indywidualne szatnie <br>z prysznicem<\/h2>\n\n\n\n<div style=\"height:55px\" aria-hidden=\"true\" class=\"wp-block-spacer\"><\/div>\n\n\n\n<div class=\"wp-block-columns is-layout-flex wp-container-core-columns-is-layout-9d6595d7 wp-block-columns-is-layout-flex\">\n<div class=\"wp-block-column is-layout-flow wp-block-column-is-layout-flow\">\n<figure class=\"wp-block-image size-large\"><img loading=\"lazy\" decoding=\"async\" width=\"683\" height=\"1024\" src=\"https:\/\/speed4fit.pl\/wp-content\/uploads\/2021\/02\/speed4fit_IMG_3638-683x1024.jpg\" alt=\"\" class=\"wp-image-842\" srcset=\"https:\/\/speed4fit.pl\/wp-content\/uploads\/2021\/02\/speed4fit_IMG_3638-683x1024.jpg 683w, https:\/\/speed4fit.pl\/wp-content\/uploads\/2021\/02\/speed4fit_IMG_3638-200x300.jpg 200w, https:\/\/speed4fit.pl\/wp-content\/uploads\/2021\/02\/speed4fit_IMG_3638-768x1152.jpg 768w, https:\/\/speed4fit.pl\/wp-content\/uploads\/2021\/02\/speed4fit_IMG_3638-1024x1536.jpg 1024w, https:\/\/speed4fit.pl\/wp-content\/uploads\/2021\/02\/speed4fit_IMG_3638-1365x2048.jpg 1365w, https:\/\/speed4fit.pl\/wp-content\/uploads\/2021\/02\/speed4fit_IMG_3638-scaled.jpg 1707w\" sizes=\"auto, (max-width: 683px) 100vw, 683px\" \/><\/figure>\n<\/div>\n\n\n\n<div class=\"wp-block-column is-layout-flow wp-block-column-is-layout-flow\">\n<figure class=\"wp-block-image size-large\"><img loading=\"lazy\" decoding=\"async\" width=\"683\" height=\"1024\" src=\"https:\/\/speed4fit.pl\/wp-content\/uploads\/2021\/02\/speed4fit_IMG_3635-683x1024.jpg\" alt=\"\" class=\"wp-image-840\" srcset=\"https:\/\/speed4fit.pl\/wp-content\/uploads\/2021\/02\/speed4fit_IMG_3635-683x1024.jpg 683w, https:\/\/speed4fit.pl\/wp-content\/uploads\/2021\/02\/speed4fit_IMG_3635-200x300.jpg 200w, https:\/\/speed4fit.pl\/wp-content\/uploads\/2021\/02\/speed4fit_IMG_3635-768x1152.jpg 768w, https:\/\/speed4fit.pl\/wp-content\/uploads\/2021\/02\/speed4fit_IMG_3635-1024x1536.jpg 1024w, https:\/\/speed4fit.pl\/wp-content\/uploads\/2021\/02\/speed4fit_IMG_3635-1365x2048.jpg 1365w, https:\/\/speed4fit.pl\/wp-content\/uploads\/2021\/02\/speed4fit_IMG_3635-scaled.jpg 1707w\" sizes=\"auto, (max-width: 683px) 100vw, 683px\" \/><\/figure>\n<\/div>\n<\/div>\n\n\n\n<p>Dbaj\u0105c o Tw\u00f3j komfort oraz zachowanie prywatno\u015bci dysponujemy indywidualnymi szatniami, kt\u00f3re po ka\u017cdym kliencie s\u0105 dezynfekowane i czyszczone. Dodatkowo nie musisz si\u0119 martwi\u0107 o \u015brodki czysto\u015bci poniewa\u017c  pod prysznicem znajdziesz \u017cel do k\u0105pieli.<\/p>\n\n\n\n<hr class=\"wp-block-separator has-css-opacity is-style-wide\"\/>\n\n\n\n<p><\/p>\n\n\n\n<p><\/p>\n","protected":false},"excerpt":{"rendered":"<p>Speed4Fit &#8211; wej\u015bcie Szybko do nas dotrzesz, poniewa\u017c studio Speed4Fit znajduje si\u0119 tu\u017c przy obwodnicy na wysoko\u015bci centrum handlowego Auchan- Osiedle Wisz\u0105ce Ogrody. Oczywi\u015bcie na miejscu znajdziesz bezp\u0142atny parking.Bez problemu r\u00f3wnie\u017c dojedziesz tutaj komunikacj\u0105 miejsk\u0105: Jeste\u015bmy dla Ciebie czynni w godzinach: Pn.-Pt. 8.00-21.00Sobota 8.00-15.00 Oczywi\u015bcie mo\u017cemy rozpocz\u0105\u0107 wcze\u015bniej lub zosta\u0107 d\u0142u\u017cej, \u017ceby\u015b w pe\u0142ni zrealizowa\u0142&hellip;&nbsp;<a href=\"https:\/\/speed4fit.pl\/index.php\/o-nas\/nasze-studio\/\" rel=\"bookmark\">Dowiedz si\u0119 wi\u0119cej &raquo;<span class=\"screen-reader-text\">Studio Przytulna<\/span><\/a><\/p>\n","protected":false},"author":1,"featured_media":0,"parent":24,"menu_order":0,"comment_status":"closed","ping_status":"closed","template":"","meta":{"neve_meta_sidebar":"full-width","neve_meta_container":"","neve_meta_enable_content_width":"on","neve_meta_content_width":100,"neve_meta_title_alignment":"","neve_meta_author_avatar":"","neve_post_elements_order":"","neve_meta_disable_header":"","neve_meta_disable_footer":"","neve_meta_disable_title":"","footnotes":""},"class_list":["post-285","page","type-page","status-publish","hentry"],"_links":{"self":[{"href":"https:\/\/speed4fit.pl\/index.php\/wp-json\/wp\/v2\/pages\/285","targetHints":{"allow":["GET"]}}],"collection":[{"href":"https:\/\/speed4fit.pl\/index.php\/wp-json\/wp\/v2\/pages"}],"about":[{"href":"https:\/\/speed4fit.pl\/index.php\/wp-json\/wp\/v2\/types\/page"}],"author":[{"embeddable":true,"href":"https:\/\/speed4fit.pl\/index.php\/wp-json\/wp\/v2\/users\/1"}],"replies":[{"embeddable":true,"href":"https:\/\/speed4fit.pl\/index.php\/wp-json\/wp\/v2\/comments?post=285"}],"version-history":[{"count":31,"href":"https:\/\/speed4fit.pl\/index.php\/wp-json\/wp\/v2\/pages\/285\/revisions"}],"predecessor-version":[{"id":3352,"href":"https:\/\/speed4fit.pl\/index.php\/wp-json\/wp\/v2\/pages\/285\/revisions\/3352"}],"up":[{"embeddable":true,"href":"https:\/\/speed4fit.pl\/index.php\/wp-json\/wp\/v2\/pages\/24"}],"wp:attachment":[{"href":"https:\/\/speed4fit.pl\/index.php\/wp-json\/wp\/v2\/media?parent=285"}],"curies":[{"name":"wp","href":"https:\/\/api.w.org\/{rel}","templated":true}]}}