{"id":2546,"date":"2022-05-27T10:58:28","date_gmt":"2022-05-27T08:58:28","guid":{"rendered":"https:\/\/speed4fit.pl\/?page_id=2546"},"modified":"2025-07-09T12:42:44","modified_gmt":"2025-07-09T10:42:44","slug":"uslugi-w-speed4fit","status":"publish","type":"page","link":"https:\/\/speed4fit.pl\/index.php\/uslugi-w-speed4fit\/","title":{"rendered":"Us\u0142ugi w Speed4Fit"},"content":{"rendered":"\n<div style=\"height:20px\" aria-hidden=\"true\" class=\"wp-block-spacer\"><\/div>\n\n\n\n<p class=\"has-text-align-center\"><strong><em>Speed<mark style=\"background-color:rgba(0, 0, 0, 0)\" class=\"has-inline-color has-neve-link-hover-color-color\">4<\/mark>Fit<\/em><\/strong> to miejsce, w kt\u00f3rym has\u0142o <em>szybko do celu<\/em> to nie pusty frazes. Wierzymy w szybkie efekty trening\u00f3w EMS &#8211; <br>i mamy na to <a href=\"https:\/\/speed4fit.pl\/index.php\/historie-klientow\/\">dowody<\/a>. A dodatek zabieg\u00f3w modeluj\u0105cych i eksperckiej wiedzy naszych fizjoterapeut\u00f3w oraz dietetyk\u00f3w daje prawdziwego SPEED&#8217;a na drodze do bycia FIT. Sprawd\u017a co mo\u017cemy dla Ciebie zrobi\u0107: <\/p>\n\n\n\n<div style=\"height:40px\" aria-hidden=\"true\" class=\"wp-block-spacer\"><\/div>\n\n\n\n<div class=\"wp-block-columns is-layout-flex wp-container-core-columns-is-layout-9d6595d7 wp-block-columns-is-layout-flex\">\n<div class=\"wp-block-column is-layout-flow wp-block-column-is-layout-flow\"><div class=\"wp-block-image is-style-rounded\">\n<figure class=\"aligncenter size-thumbnail\"><img loading=\"lazy\" decoding=\"async\" width=\"150\" height=\"150\" src=\"https:\/\/speed4fit.pl\/wp-content\/uploads\/2021\/01\/speed4fit20EMS-150x150.jpg\" alt=\"\" class=\"wp-image-67\" srcset=\"https:\/\/speed4fit.pl\/wp-content\/uploads\/2021\/01\/speed4fit20EMS-150x150.jpg 150w, https:\/\/speed4fit.pl\/wp-content\/uploads\/2021\/01\/speed4fit20EMS-300x300.jpg 300w, https:\/\/speed4fit.pl\/wp-content\/uploads\/2021\/01\/speed4fit20EMS-1024x1024.jpg 1024w, https:\/\/speed4fit.pl\/wp-content\/uploads\/2021\/01\/speed4fit20EMS-768x768.jpg 768w, https:\/\/speed4fit.pl\/wp-content\/uploads\/2021\/01\/speed4fit20EMS-1536x1536.jpg 1536w, https:\/\/speed4fit.pl\/wp-content\/uploads\/2021\/01\/speed4fit20EMS-2048x2048.jpg 2048w\" sizes=\"auto, (max-width: 150px) 100vw, 150px\" \/><\/figure>\n<\/div>\n\n\n<p class=\"has-text-align-center\"><strong>Treningi<\/strong><br><strong>EMS<\/strong><\/p>\n\n\n\n<div class=\"wp-block-buttons is-content-justification-center is-layout-flex wp-container-core-buttons-is-layout-16018d1d wp-block-buttons-is-layout-flex\">\n<div class=\"wp-block-button\"><a class=\"wp-block-button__link has-neve-link-hover-color-background-color has-background wp-element-button\" href=\"https:\/\/speed4fit.pl\/index.php\/o-ems-2\/\">dowiedz si\u0119 wi\u0119cej<\/a><\/div>\n<\/div>\n<\/div>\n\n\n\n<div class=\"wp-block-column is-layout-flow wp-block-column-is-layout-flow\"><div class=\"wp-block-image is-style-rounded\">\n<figure class=\"aligncenter size-thumbnail\"><img loading=\"lazy\" decoding=\"async\" width=\"150\" height=\"150\" src=\"https:\/\/speed4fit.pl\/wp-content\/uploads\/2022\/05\/rozciaganie-edited-1-150x150.jpg\" alt=\"dlaczego rozci\u0105ganie jest wa\u017cne?\" class=\"wp-image-2547\" srcset=\"https:\/\/speed4fit.pl\/wp-content\/uploads\/2022\/05\/rozciaganie-edited-1-150x150.jpg 150w, https:\/\/speed4fit.pl\/wp-content\/uploads\/2022\/05\/rozciaganie-edited-1-300x300.jpg 300w, https:\/\/speed4fit.pl\/wp-content\/uploads\/2022\/05\/rozciaganie-edited-1-1024x1024.jpg 1024w, https:\/\/speed4fit.pl\/wp-content\/uploads\/2022\/05\/rozciaganie-edited-1-768x769.jpg 768w, https:\/\/speed4fit.pl\/wp-content\/uploads\/2022\/05\/rozciaganie-edited-1-1534x1536.jpg 1534w, https:\/\/speed4fit.pl\/wp-content\/uploads\/2022\/05\/rozciaganie-edited-1-2045x2048.jpg 2045w\" sizes=\"auto, (max-width: 150px) 100vw, 150px\" \/><\/figure>\n<\/div>\n\n\n<p class=\"has-text-align-center\"><strong><mark style=\"background-color:rgba(0, 0, 0, 0)\" class=\"has-inline-color has-neve-link-hover-color-color\">NOWO\u015a\u0106<\/mark><br>Rozci\u0105ganie<\/strong><\/p>\n\n\n\n<div class=\"wp-block-buttons is-content-justification-center is-layout-flex wp-container-core-buttons-is-layout-16018d1d wp-block-buttons-is-layout-flex\">\n<div class=\"wp-block-button\"><a class=\"wp-block-button__link has-neve-link-hover-color-background-color has-background wp-element-button\" href=\"https:\/\/speed4fit.pl\/index.php\/rozciaganie\/\">dowiedz si\u0119 wi\u0119cej<\/a><\/div>\n<\/div>\n<\/div>\n\n\n\n<div class=\"wp-block-column is-layout-flow wp-block-column-is-layout-flow\"><div class=\"wp-block-image is-style-rounded\">\n<figure class=\"aligncenter size-thumbnail\"><img loading=\"lazy\" decoding=\"async\" width=\"150\" height=\"150\" src=\"https:\/\/speed4fit.pl\/wp-content\/uploads\/2025\/07\/joga-150x150.jpg\" alt=\"\" class=\"wp-image-3330\"\/><\/figure>\n<\/div>\n\n\n<p class=\"has-text-align-center\"><strong><mark style=\"background-color:rgba(0, 0, 0, 0)\" class=\"has-inline-color has-neve-link-hover-color-color\">NOWO\u015a\u0106<\/mark><\/strong><br><strong>Zaj\u0119cia z Jogi<\/strong><\/p>\n\n\n\n<div class=\"wp-block-buttons is-content-justification-center is-layout-flex wp-container-core-buttons-is-layout-16018d1d wp-block-buttons-is-layout-flex\">\n<div class=\"wp-block-button\"><a class=\"wp-block-button__link has-neve-link-hover-color-background-color has-background wp-element-button\" href=\"https:\/\/speed4fit.pl\/index.php\/zajecia-z-jogi\/\" target=\"_blank\" rel=\"noreferrer noopener\">dowiedz si\u0119 wi\u0119cej<\/a><\/div>\n<\/div>\n<\/div>\n<\/div>\n\n\n\n<div style=\"height:40px\" aria-hidden=\"true\" class=\"wp-block-spacer\"><\/div>\n\n\n\n<div class=\"wp-block-columns is-layout-flex wp-container-core-columns-is-layout-9d6595d7 wp-block-columns-is-layout-flex\">\n<div class=\"wp-block-column is-layout-flow wp-block-column-is-layout-flow\"><div class=\"wp-block-image is-style-rounded\">\n<figure class=\"aligncenter size-thumbnail is-resized\"><img loading=\"lazy\" decoding=\"async\" width=\"150\" height=\"150\" src=\"https:\/\/speed4fit.pl\/wp-content\/uploads\/2022\/04\/Projekt-bez-tytulu-7-150x150.png\" alt=\"\" class=\"wp-image-2431\" style=\"width:144px;height:auto\" srcset=\"https:\/\/speed4fit.pl\/wp-content\/uploads\/2022\/04\/Projekt-bez-tytulu-7-150x150.png 150w, https:\/\/speed4fit.pl\/wp-content\/uploads\/2022\/04\/Projekt-bez-tytulu-7-300x300.png 300w, https:\/\/speed4fit.pl\/wp-content\/uploads\/2022\/04\/Projekt-bez-tytulu-7-1024x1024.png 1024w, https:\/\/speed4fit.pl\/wp-content\/uploads\/2022\/04\/Projekt-bez-tytulu-7-768x768.png 768w, https:\/\/speed4fit.pl\/wp-content\/uploads\/2022\/04\/Projekt-bez-tytulu-7.png 1080w\" sizes=\"auto, (max-width: 150px) 100vw, 150px\" \/><\/figure>\n<\/div>\n\n\n<p class=\"has-text-align-center\"><strong>Treningi Personalne<\/strong><br><\/p>\n\n\n\n<div class=\"wp-block-buttons is-content-justification-center is-layout-flex wp-container-core-buttons-is-layout-16018d1d wp-block-buttons-is-layout-flex\">\n<div class=\"wp-block-button\"><a class=\"wp-block-button__link has-neve-link-hover-color-background-color has-background wp-element-button\" href=\"https:\/\/speed4fit.pl\/index.php\/trening-personalny\/\" target=\"_blank\" rel=\"noreferrer noopener\">dowiedz si\u0119 wi\u0119cej<\/a><\/div>\n<\/div>\n<\/div>\n\n\n\n<div class=\"wp-block-column is-layout-flow wp-block-column-is-layout-flow\"><div class=\"wp-block-image is-style-rounded\">\n<figure class=\"aligncenter size-thumbnail\"><img loading=\"lazy\" decoding=\"async\" width=\"150\" height=\"150\" src=\"https:\/\/speed4fit.pl\/wp-content\/uploads\/2021\/01\/speed4fot_dietetyk-edited-150x150.jpg\" alt=\"Dietetyk w Gda\u0144sku szybko do celu\" class=\"wp-image-130\" srcset=\"https:\/\/speed4fit.pl\/wp-content\/uploads\/2021\/01\/speed4fot_dietetyk-edited-150x150.jpg 150w, https:\/\/speed4fit.pl\/wp-content\/uploads\/2021\/01\/speed4fot_dietetyk-edited-300x300.jpg 300w, https:\/\/speed4fit.pl\/wp-content\/uploads\/2021\/01\/speed4fot_dietetyk-edited-1022x1024.jpg 1022w, https:\/\/speed4fit.pl\/wp-content\/uploads\/2021\/01\/speed4fot_dietetyk-edited-768x769.jpg 768w, https:\/\/speed4fit.pl\/wp-content\/uploads\/2021\/01\/speed4fot_dietetyk-edited-1533x1536.jpg 1533w, https:\/\/speed4fit.pl\/wp-content\/uploads\/2021\/01\/speed4fot_dietetyk-edited-2044x2048.jpg 2044w\" sizes=\"auto, (max-width: 150px) 100vw, 150px\" \/><\/figure>\n<\/div>\n\n\n<p class=\"has-text-align-center\"><strong>Us\u0142ugi<\/strong><br><strong>Dietetyka<\/strong><\/p>\n\n\n\n<div class=\"wp-block-buttons is-content-justification-center is-layout-flex wp-container-core-buttons-is-layout-16018d1d wp-block-buttons-is-layout-flex\">\n<div class=\"wp-block-button\"><a class=\"wp-block-button__link has-neve-link-hover-color-background-color has-background wp-element-button\" href=\"https:\/\/speed4fit.pl\/index.php\/oferta\/dietetyk\/\">dowiedz si\u0119 wi\u0119cej<\/a><\/div>\n<\/div>\n<\/div>\n\n\n\n<div class=\"wp-block-column is-layout-flow wp-block-column-is-layout-flow\"><div class=\"wp-block-image is-style-rounded\">\n<figure class=\"aligncenter size-thumbnail\"><img loading=\"lazy\" decoding=\"async\" width=\"150\" height=\"150\" src=\"https:\/\/speed4fit.pl\/wp-content\/uploads\/2021\/12\/speed4fit_fizjoterapia_1-edited-1-150x150.jpg\" alt=\"Fizjoterapia w Speed4Fit\" class=\"wp-image-1960\" srcset=\"https:\/\/speed4fit.pl\/wp-content\/uploads\/2021\/12\/speed4fit_fizjoterapia_1-edited-1-150x150.jpg 150w, https:\/\/speed4fit.pl\/wp-content\/uploads\/2021\/12\/speed4fit_fizjoterapia_1-edited-1-300x300.jpg 300w, https:\/\/speed4fit.pl\/wp-content\/uploads\/2021\/12\/speed4fit_fizjoterapia_1-edited-1-1024x1024.jpg 1024w, https:\/\/speed4fit.pl\/wp-content\/uploads\/2021\/12\/speed4fit_fizjoterapia_1-edited-1-768x769.jpg 768w, https:\/\/speed4fit.pl\/wp-content\/uploads\/2021\/12\/speed4fit_fizjoterapia_1-edited-1-1536x1536.jpg 1536w, https:\/\/speed4fit.pl\/wp-content\/uploads\/2021\/12\/speed4fit_fizjoterapia_1-edited-1-2046x2048.jpg 2046w\" sizes=\"auto, (max-width: 150px) 100vw, 150px\" \/><\/figure>\n<\/div>\n\n\n<p class=\"has-text-align-center\"><strong>Gabinet<\/strong><br><strong>Fizjoterapeut\u00f3w<\/strong><\/p>\n\n\n\n<div class=\"wp-block-buttons is-content-justification-center is-layout-flex wp-container-core-buttons-is-layout-16018d1d wp-block-buttons-is-layout-flex\">\n<div class=\"wp-block-button\"><a class=\"wp-block-button__link has-neve-link-hover-color-background-color has-background wp-element-button\" href=\"https:\/\/speed4fit.pl\/index.php\/oferta\/fizjoterapia\/\">dowiedz si\u0119 wi\u0119cej<\/a><\/div>\n<\/div>\n<\/div>\n<\/div>\n\n\n\n<div style=\"height:40px\" aria-hidden=\"true\" class=\"wp-block-spacer\"><\/div>\n\n\n\n<p class=\"has-text-align-center\"><strong>Masz pytania do naszej oferty? Skontaktuj si\u0119 z nami! <\/strong><\/p>\n\n\n\n<p class=\"has-text-align-center\">+48 574 413 444   <br>  kontakt@speed4fit.pl<\/p>\n\n\n\n<p class=\"has-text-align-center has-nv-site-bg-color has-nv-dark-bg-background-color has-text-color has-background\"><strong>Brakuje Ci u nas jakiej\u015b us\u0142ugi? Daj nam zna\u0107 -&gt; <a href=\"https:\/\/speed4fit.pl\/index.php\/kontakt\/\"><mark style=\"background-color:rgba(0, 0, 0, 0)\" class=\"has-inline-color has-neve-link-hover-color-color\">kontakt<\/mark><\/a> <\/strong><\/p>\n\n\n\n<hr class=\"wp-block-separator has-css-opacity is-style-wide\"\/>\n","protected":false},"excerpt":{"rendered":"<p>Speed4Fit to miejsce, w kt\u00f3rym has\u0142o szybko do celu to nie pusty frazes. Wierzymy w szybkie efekty trening\u00f3w EMS &#8211; i mamy na to dowody. A dodatek zabieg\u00f3w modeluj\u0105cych i eksperckiej wiedzy naszych fizjoterapeut\u00f3w oraz dietetyk\u00f3w daje prawdziwego SPEED&#8217;a na drodze do bycia FIT. Sprawd\u017a co mo\u017cemy dla Ciebie zrobi\u0107: TreningiEMS NOWO\u015a\u0106Rozci\u0105ganie NOWO\u015a\u0106Zaj\u0119cia z Jogi&hellip;&nbsp;<a href=\"https:\/\/speed4fit.pl\/index.php\/uslugi-w-speed4fit\/\" rel=\"bookmark\">Dowiedz si\u0119 wi\u0119cej &raquo;<span class=\"screen-reader-text\">Us\u0142ugi w Speed4Fit<\/span><\/a><\/p>\n","protected":false},"author":1,"featured_media":0,"parent":0,"menu_order":0,"comment_status":"closed","ping_status":"closed","template":"","meta":{"neve_meta_sidebar":"full-width","neve_meta_container":"","neve_meta_enable_content_width":"on","neve_meta_content_width":100,"neve_meta_title_alignment":"","neve_meta_author_avatar":"","neve_post_elements_order":"","neve_meta_disable_header":"","neve_meta_disable_footer":"","neve_meta_disable_title":"","footnotes":""},"class_list":["post-2546","page","type-page","status-publish","hentry"],"_links":{"self":[{"href":"https:\/\/speed4fit.pl\/index.php\/wp-json\/wp\/v2\/pages\/2546","targetHints":{"allow":["GET"]}}],"collection":[{"href":"https:\/\/speed4fit.pl\/index.php\/wp-json\/wp\/v2\/pages"}],"about":[{"href":"https:\/\/speed4fit.pl\/index.php\/wp-json\/wp\/v2\/types\/page"}],"author":[{"embeddable":true,"href":"https:\/\/speed4fit.pl\/index.php\/wp-json\/wp\/v2\/users\/1"}],"replies":[{"embeddable":true,"href":"https:\/\/speed4fit.pl\/index.php\/wp-json\/wp\/v2\/comments?post=2546"}],"version-history":[{"count":16,"href":"https:\/\/speed4fit.pl\/index.php\/wp-json\/wp\/v2\/pages\/2546\/revisions"}],"predecessor-version":[{"id":3346,"href":"https:\/\/speed4fit.pl\/index.php\/wp-json\/wp\/v2\/pages\/2546\/revisions\/3346"}],"wp:attachment":[{"href":"https:\/\/speed4fit.pl\/index.php\/wp-json\/wp\/v2\/media?parent=2546"}],"curies":[{"name":"wp","href":"https:\/\/api.w.org\/{rel}","templated":true}]}}