{"id":24,"date":"2021-01-16T12:32:50","date_gmt":"2021-01-16T11:32:50","guid":{"rendered":"https:\/\/serwer1504040.home.pl\/Speed4fit\/?page_id=24"},"modified":"2024-05-19T23:01:51","modified_gmt":"2024-05-19T21:01:51","slug":"o-nas","status":"publish","type":"page","link":"https:\/\/speed4fit.pl\/index.php\/o-nas\/","title":{"rendered":"O nas"},"content":{"rendered":"\n<p>Poznaj zesp\u00f3\u0142 <em><strong>Speed<span class=\"has-inline-color has-neve-link-hover-color-color\">4<\/span>Fit<\/strong><\/em> i zobacz nasze studia! <\/p>\n\n\n\n<div class=\"wp-block-columns is-layout-flex wp-container-core-columns-is-layout-9d6595d7 wp-block-columns-is-layout-flex\">\n<div class=\"wp-block-column is-layout-flow wp-block-column-is-layout-flow\">\n<figure class=\"wp-block-image size-large\"><img loading=\"lazy\" decoding=\"async\" width=\"768\" height=\"768\" src=\"https:\/\/speed4fit.pl\/wp-content\/uploads\/2021\/01\/speed4fit_recepcja-1.jpg\" alt=\"\" class=\"wp-image-289\" srcset=\"https:\/\/speed4fit.pl\/wp-content\/uploads\/2021\/01\/speed4fit_recepcja-1.jpg 768w, https:\/\/speed4fit.pl\/wp-content\/uploads\/2021\/01\/speed4fit_recepcja-1-300x300.jpg 300w, https:\/\/speed4fit.pl\/wp-content\/uploads\/2021\/01\/speed4fit_recepcja-1-150x150.jpg 150w\" sizes=\"auto, (max-width: 768px) 100vw, 768px\" \/><\/figure>\n\n\n\n<h3 class=\"wp-block-heading has-text-align-center\">Studio od \u015brodka<\/h3>\n\n\n\n<p class=\"has-text-align-center\">Zobacz wn\u0119trze naszego studia!<\/p>\n\n\n\n<div class=\"wp-block-buttons is-content-justification-center is-layout-flex wp-container-core-buttons-is-layout-16018d1d wp-block-buttons-is-layout-flex\">\n<div class=\"wp-block-button is-style-default\"><a class=\"wp-block-button__link has-neve-link-hover-color-background-color has-background wp-element-button\" href=\"https:\/\/speed4fit.pl\/index.php\/o-nas\/nasze-studio\/\">Zobacz galeri\u0119 zdje\u0107<\/a><\/div>\n<\/div>\n<\/div>\n\n\n\n<div class=\"wp-block-column is-layout-flow wp-block-column-is-layout-flow\">\n<figure class=\"wp-block-image size-large\"><img loading=\"lazy\" decoding=\"async\" width=\"1024\" height=\"1024\" src=\"https:\/\/speed4fit.pl\/wp-content\/uploads\/2021\/01\/speed4fit_trenerzy_slawek-1024x1024.jpg\" alt=\"speed4fit_trener_ems_slawek\" class=\"wp-image-364\" srcset=\"https:\/\/speed4fit.pl\/wp-content\/uploads\/2021\/01\/speed4fit_trenerzy_slawek-1024x1024.jpg 1024w, https:\/\/speed4fit.pl\/wp-content\/uploads\/2021\/01\/speed4fit_trenerzy_slawek-300x300.jpg 300w, https:\/\/speed4fit.pl\/wp-content\/uploads\/2021\/01\/speed4fit_trenerzy_slawek-150x150.jpg 150w, https:\/\/speed4fit.pl\/wp-content\/uploads\/2021\/01\/speed4fit_trenerzy_slawek-768x768.jpg 768w, https:\/\/speed4fit.pl\/wp-content\/uploads\/2021\/01\/speed4fit_trenerzy_slawek-1536x1536.jpg 1536w, https:\/\/speed4fit.pl\/wp-content\/uploads\/2021\/01\/speed4fit_trenerzy_slawek.jpg 2048w\" sizes=\"auto, (max-width: 1024px) 100vw, 1024px\" \/><\/figure>\n\n\n\n<h3 class=\"wp-block-heading has-text-align-center\">Zesp\u00f3\u0142 <em><strong>Speed<span class=\"has-inline-color has-neve-link-hover-color-color\">4<\/span>Fit<\/strong><\/em><\/h3>\n\n\n\n<p class=\"has-text-align-center\">Poznaj osoby, kt\u00f3re tworz\u0105 nasze studia!<\/p>\n\n\n\n<div class=\"wp-block-buttons is-content-justification-center is-layout-flex wp-container-core-buttons-is-layout-16018d1d wp-block-buttons-is-layout-flex\">\n<div class=\"wp-block-button\"><a class=\"wp-block-button__link has-neve-link-hover-color-background-color has-background wp-element-button\" href=\"https:\/\/speed4fit.pl\/index.php\/o-nas\/nasz-zespol\/\">Dowiedz si\u0119 wi\u0119cej o naszym teamie<\/a><\/div>\n<\/div>\n<\/div>\n<\/div>\n\n\n\n<hr class=\"wp-block-separator has-css-opacity is-style-wide\"\/>\n\n\n\n<h2 class=\"wp-block-heading has-text-align-center\">B\u0105d\u017a na bie\u017c\u0105co!<\/h2>\n\n\n\n<p class=\"has-text-align-center\">Zapraszam na nasz profil na Facebooku oraz Instagramie! <br>B\u0105d\u017a na bie\u017c\u0105co z newsami, promocjami i ciekawymi poradami o zdrowym stylu \u017cycia!<\/p>\n\n\n\n<div class=\"wp-block-columns is-layout-flex wp-container-core-columns-is-layout-9d6595d7 wp-block-columns-is-layout-flex\">\n<div class=\"wp-block-column is-layout-flow wp-block-column-is-layout-flow\">\n<div class=\"wp-block-buttons is-content-justification-center is-layout-flex wp-container-core-buttons-is-layout-16018d1d wp-block-buttons-is-layout-flex\">\n<div class=\"wp-block-button\"><a class=\"wp-block-button__link has-neve-link-hover-color-background-color has-background wp-element-button\" href=\"https:\/\/www.facebook.com\/Speed4Fit\/\">odwied\u017a nas na facebooku<\/a><\/div>\n<\/div>\n<\/div>\n\n\n\n<div class=\"wp-block-column is-layout-flow wp-block-column-is-layout-flow\">\n<div class=\"wp-block-buttons is-content-justification-center is-layout-flex wp-container-core-buttons-is-layout-16018d1d wp-block-buttons-is-layout-flex\">\n<div class=\"wp-block-button\"><a class=\"wp-block-button__link has-neve-link-hover-color-background-color has-background wp-element-button\" href=\"https:\/\/www.instagram.com\/speed4fit\/\">odwied\u017a nas na instagramie<\/a><\/div>\n<\/div>\n<\/div>\n<\/div>\n\n\n\n<div style=\"height:100px\" aria-hidden=\"true\" class=\"wp-block-spacer\"><\/div>\n","protected":false},"excerpt":{"rendered":"<p>Poznaj zesp\u00f3\u0142 Speed4Fit i zobacz nasze studia! Studio od \u015brodka Zobacz wn\u0119trze naszego studia! Zesp\u00f3\u0142 Speed4Fit Poznaj osoby, kt\u00f3re tworz\u0105 nasze studia! B\u0105d\u017a na bie\u017c\u0105co! Zapraszam na nasz profil na Facebooku oraz Instagramie! B\u0105d\u017a na bie\u017c\u0105co z newsami, promocjami i ciekawymi poradami o zdrowym stylu \u017cycia!<\/p>\n","protected":false},"author":1,"featured_media":0,"parent":0,"menu_order":0,"comment_status":"closed","ping_status":"closed","template":"","meta":{"neve_meta_sidebar":"","neve_meta_container":"","neve_meta_enable_content_width":"","neve_meta_content_width":0,"neve_meta_title_alignment":"","neve_meta_author_avatar":"","neve_post_elements_order":"","neve_meta_disable_header":"","neve_meta_disable_footer":"","neve_meta_disable_title":"","footnotes":""},"class_list":["post-24","page","type-page","status-publish","hentry"],"_links":{"self":[{"href":"https:\/\/speed4fit.pl\/index.php\/wp-json\/wp\/v2\/pages\/24","targetHints":{"allow":["GET"]}}],"collection":[{"href":"https:\/\/speed4fit.pl\/index.php\/wp-json\/wp\/v2\/pages"}],"about":[{"href":"https:\/\/speed4fit.pl\/index.php\/wp-json\/wp\/v2\/types\/page"}],"author":[{"embeddable":true,"href":"https:\/\/speed4fit.pl\/index.php\/wp-json\/wp\/v2\/users\/1"}],"replies":[{"embeddable":true,"href":"https:\/\/speed4fit.pl\/index.php\/wp-json\/wp\/v2\/comments?post=24"}],"version-history":[{"count":8,"href":"https:\/\/speed4fit.pl\/index.php\/wp-json\/wp\/v2\/pages\/24\/revisions"}],"predecessor-version":[{"id":3208,"href":"https:\/\/speed4fit.pl\/index.php\/wp-json\/wp\/v2\/pages\/24\/revisions\/3208"}],"wp:attachment":[{"href":"https:\/\/speed4fit.pl\/index.php\/wp-json\/wp\/v2\/media?parent=24"}],"curies":[{"name":"wp","href":"https:\/\/api.w.org\/{rel}","templated":true}]}}