{"id":1758,"date":"2021-10-11T21:07:55","date_gmt":"2021-10-11T19:07:55","guid":{"rendered":"https:\/\/speed4fit.pl\/?page_id=1758"},"modified":"2024-03-22T21:36:09","modified_gmt":"2024-03-22T20:36:09","slug":"cennik-dietetyk","status":"publish","type":"page","link":"https:\/\/speed4fit.pl\/index.php\/cennik-dietetyk\/","title":{"rendered":"Cennik &#8211; dietetyk"},"content":{"rendered":"\n<figure class=\"wp-block-table is-style-stripes\"><table><tbody><tr><td class=\"has-text-align-left\" data-align=\"left\"><strong><strong>U\u0142o\u017cenie diety<\/strong><\/strong><\/td><td class=\"has-text-align-center\" data-align=\"center\"><\/td><td class=\"has-text-align-center\" data-align=\"center\">299 z\u0142<\/td><td class=\"has-text-align-center\" data-align=\"center\"><\/td><\/tr><tr><td class=\"has-text-align-left\" data-align=\"left\"><strong>Kolejna wizyta<\/strong><br>(ocena post\u0119p\u00f3w, weryfikacja diety,  <br>zalecenia \u017cywieniowe na kolejny okres)<\/td><td class=\"has-text-align-center\" data-align=\"center\"><\/td><td class=\"has-text-align-center\" data-align=\"center\">179 z\u0142<\/td><td class=\"has-text-align-center\" data-align=\"center\"><\/td><\/tr><\/tbody><\/table><\/figure>\n\n\n\n<div class=\"wp-block-buttons is-vertical is-content-justification-center is-layout-flex wp-container-core-buttons-is-layout-9a7cdcfd wp-block-buttons-is-layout-flex\">\n<div class=\"wp-block-button is-style-primary\"><a class=\"wp-block-button__link has-neve-link-hover-color-color has-nv-dark-bg-background-color has-text-color has-background has-link-color wp-element-button\" href=\"https:\/\/speed4fit.pl\/index.php\/kontakt\/\">Um\u00f3w si\u0119 na porad\u0119 dietetyczn\u0105<\/a><\/div>\n\n\n\n<div class=\"wp-block-button is-style-default\"><a class=\"wp-block-button__link has-neve-link-hover-color-background-color has-background wp-element-button\" href=\"https:\/\/speed4fit.pl\/index.php\/oferta\/dietetyk\/\">dowiedz si\u0119 wi\u0119cej o us\u0142udze <\/a><\/div>\n<\/div>\n\n\n\n<hr class=\"wp-block-separator has-css-opacity is-style-wide\"\/>\n","protected":false},"excerpt":{"rendered":"<p>U\u0142o\u017cenie diety 299 z\u0142 Kolejna wizyta(ocena post\u0119p\u00f3w, weryfikacja diety, zalecenia \u017cywieniowe na kolejny okres) 179 z\u0142<\/p>\n","protected":false},"author":1,"featured_media":0,"parent":0,"menu_order":0,"comment_status":"closed","ping_status":"closed","template":"","meta":{"neve_meta_sidebar":"","neve_meta_container":"","neve_meta_enable_content_width":"","neve_meta_content_width":0,"neve_meta_title_alignment":"","neve_meta_author_avatar":"","neve_post_elements_order":"","neve_meta_disable_header":"","neve_meta_disable_footer":"","neve_meta_disable_title":"","footnotes":""},"class_list":["post-1758","page","type-page","status-publish","hentry"],"_links":{"self":[{"href":"https:\/\/speed4fit.pl\/index.php\/wp-json\/wp\/v2\/pages\/1758","targetHints":{"allow":["GET"]}}],"collection":[{"href":"https:\/\/speed4fit.pl\/index.php\/wp-json\/wp\/v2\/pages"}],"about":[{"href":"https:\/\/speed4fit.pl\/index.php\/wp-json\/wp\/v2\/types\/page"}],"author":[{"embeddable":true,"href":"https:\/\/speed4fit.pl\/index.php\/wp-json\/wp\/v2\/users\/1"}],"replies":[{"embeddable":true,"href":"https:\/\/speed4fit.pl\/index.php\/wp-json\/wp\/v2\/comments?post=1758"}],"version-history":[{"count":8,"href":"https:\/\/speed4fit.pl\/index.php\/wp-json\/wp\/v2\/pages\/1758\/revisions"}],"predecessor-version":[{"id":3196,"href":"https:\/\/speed4fit.pl\/index.php\/wp-json\/wp\/v2\/pages\/1758\/revisions\/3196"}],"wp:attachment":[{"href":"https:\/\/speed4fit.pl\/index.php\/wp-json\/wp\/v2\/media?parent=1758"}],"curies":[{"name":"wp","href":"https:\/\/api.w.org\/{rel}","templated":true}]}}