{"id":1748,"date":"2021-10-11T20:55:21","date_gmt":"2021-10-11T18:55:21","guid":{"rendered":"https:\/\/speed4fit.pl\/?page_id=1748"},"modified":"2024-10-07T21:48:24","modified_gmt":"2024-10-07T19:48:24","slug":"cennik-zabiegow","status":"publish","type":"page","link":"https:\/\/speed4fit.pl\/index.php\/cennik-zabiegow\/","title":{"rendered":"Cennik zabieg\u00f3w"},"content":{"rendered":"\n<h2 class=\"wp-block-heading has-text-align-left\">Ultrasonic &#8211; cennik<\/h2>\n\n\n\n<figure class=\"wp-block-table is-style-stripes\"><table><tbody><tr><td class=\"has-text-align-center\" data-align=\"center\"><\/td><td class=\"has-text-align-center\" data-align=\"center\"><strong>1 zabieg<\/strong><\/td><td class=\"has-text-align-center\" data-align=\"center\"><strong>4 zabiegi<\/strong><\/td><td class=\"has-text-align-center\" data-align=\"center\"><strong>8 zabieg\u00f3w<\/strong><\/td><\/tr><tr><td class=\"has-text-align-center\" data-align=\"center\">Ramiona\/Boczki\/Brzuch\/Uda prz\u00f3d\/ Uda ty\u0142\/Po\u015bladki\/Plecy\/\u0141ydki<\/td><td class=\"has-text-align-center\" data-align=\"center\">179 z\u0142<\/td><td class=\"has-text-align-center\" data-align=\"center\">599 z\u0142<\/td><td class=\"has-text-align-center\" data-align=\"center\">1049 z\u0142<\/td><\/tr><tr><td class=\"has-text-align-center\" data-align=\"center\">Uda prz\u00f3d + Uda ty\u0142<\/td><td class=\"has-text-align-center\" data-align=\"center\">249 z\u0142<\/td><td class=\"has-text-align-center\" data-align=\"center\">799 z\u0142<\/td><td class=\"has-text-align-center\" data-align=\"center\">1449 z\u0142<\/td><\/tr><tr><td class=\"has-text-align-center\" data-align=\"center\">Uda + Po\u015bladki<\/td><td class=\"has-text-align-center\" data-align=\"center\">289 z\u0142<\/td><td class=\"has-text-align-center\" data-align=\"center\">949 z\u0142<\/td><td class=\"has-text-align-center\" data-align=\"center\">1649z\u0142<\/td><\/tr><tr><td class=\"has-text-align-center\" data-align=\"center\">Uda + Po\u015bladki + Brzuch<\/td><td class=\"has-text-align-center\" data-align=\"center\">299 z\u0142<\/td><td class=\"has-text-align-center\" data-align=\"center\">1049 z\u0142<\/td><td class=\"has-text-align-center\" data-align=\"center\">1849 z\u0142<\/td><\/tr><\/tbody><\/table><\/figure>\n\n\n\n<div class=\"wp-block-buttons is-vertical is-content-justification-center is-layout-flex wp-container-core-buttons-is-layout-9a7cdcfd wp-block-buttons-is-layout-flex\">\n<div class=\"wp-block-button is-style-primary\"><a class=\"wp-block-button__link has-neve-link-hover-color-color has-nv-dark-bg-background-color has-text-color has-background has-link-color wp-element-button\" href=\"https:\/\/speed4fit.pl\/index.php\/kontakt\/\">um\u00f3w si\u0119 na wizyt\u0119<\/a><\/div>\n\n\n\n<div class=\"wp-block-button is-style-default\"><a class=\"wp-block-button__link has-neve-link-hover-color-background-color has-background wp-element-button\" href=\"https:\/\/speed4fit.pl\/index.php\/oferta\/ultrasonic\/\">Dowiedz si\u0119 wi\u0119cej o ultrasonic<\/a><\/div>\n<\/div>\n\n\n\n<hr class=\"wp-block-separator has-css-opacity is-style-wide\"\/>\n\n\n\n<h2 class=\"wp-block-heading\">Lipolaser &#8211; cennik<\/h2>\n\n\n\n<div style=\"height:40px\" aria-hidden=\"true\" class=\"wp-block-spacer\"><\/div>\n\n\n\n<figure class=\"wp-block-table is-style-stripes\"><table><tbody><tr><td class=\"has-text-align-center\" data-align=\"center\"><\/td><td class=\"has-text-align-center\" data-align=\"center\"><strong>1 zabieg<\/strong><\/td><td class=\"has-text-align-center\" data-align=\"center\"><strong>4 zabiegi<\/strong><\/td><td class=\"has-text-align-center\" data-align=\"center\"><strong>8 zabieg\u00f3w<\/strong><\/td><\/tr><tr><td class=\"has-text-align-center\" data-align=\"center\"><\/td><td class=\"has-text-align-center\" data-align=\"center\"><\/td><td class=\"has-text-align-center\" data-align=\"center\"><\/td><td class=\"has-text-align-center\" data-align=\"center\"><\/td><\/tr><tr><td class=\"has-text-align-center\" data-align=\"center\">Jedna partia <\/td><td class=\"has-text-align-center\" data-align=\"center\">99 z\u0142<\/td><td class=\"has-text-align-center\" data-align=\"center\">399 z\u0142<\/td><td class=\"has-text-align-center\" data-align=\"center\">699 z\u0142<\/td><\/tr><\/tbody><\/table><\/figure>\n\n\n\n<div class=\"wp-block-buttons is-vertical is-content-justification-center is-layout-flex wp-container-core-buttons-is-layout-9a7cdcfd wp-block-buttons-is-layout-flex\">\n<div class=\"wp-block-button is-style-primary\"><a class=\"wp-block-button__link has-neve-link-hover-color-color has-nv-dark-bg-background-color has-text-color has-background has-link-color wp-element-button\" href=\"https:\/\/speed4fit.pl\/index.php\/kontakt\/\">Um\u00f3w si\u0119 na wizyt\u0119<\/a><\/div>\n\n\n\n<div class=\"wp-block-button is-style-default\"><a class=\"wp-block-button__link has-neve-link-hover-color-background-color has-background wp-element-button\" href=\"https:\/\/speed4fit.pl\/index.php\/lipolaser\/\">dowiedz si\u0119 wi\u0119cej o lipolaserze<\/a><\/div>\n<\/div>\n\n\n\n<hr class=\"wp-block-separator has-css-opacity is-style-wide\"\/>\n\n\n\n<h2 class=\"wp-block-heading\">Liposukcja ultrad\u017awi\u0119kowa<br>&#8211; cennik<\/h2>\n\n\n\n<figure class=\"wp-block-table is-style-stripes\"><table><tbody><tr><td class=\"has-text-align-center\" data-align=\"center\">Jedna partia &#8211; 20&#8242;<\/td><td class=\"has-text-align-center\" data-align=\"center\"><strong>1 zabieg<\/strong><\/td><td class=\"has-text-align-center\" data-align=\"center\"><strong>4 zabiegi<\/strong><\/td><td class=\"has-text-align-center\" data-align=\"center\"><strong>8 zabieg\u00f3w<\/strong><\/td><\/tr><tr><td class=\"has-text-align-center\" data-align=\"center\">Ramiona\/ Brzuch\/ Boczki\/ Uda prz\u00f3d\/<br>Uda ty\u0142\/ Po\u015bladki\/ Plecy\/ \u0141ydki<\/td><td class=\"has-text-align-center\" data-align=\"center\">109 z\u0142<\/td><td class=\"has-text-align-center\" data-align=\"center\">399 z\u0142<\/td><td class=\"has-text-align-center\" data-align=\"center\">749 z\u0142<\/td><\/tr><\/tbody><\/table><\/figure>\n\n\n\n<figure class=\"wp-block-table is-style-stripes\"><table><tbody><tr><td class=\"has-text-align-center\" data-align=\"center\">Dwie partie- 30&#8242;<\/td><td class=\"has-text-align-center\" data-align=\"center\"><strong>1 zabieg<\/strong><\/td><td class=\"has-text-align-center\" data-align=\"center\"><strong>4 zabiegi<\/strong><\/td><td class=\"has-text-align-center\" data-align=\"center\"><strong>8 zabieg\u00f3w<\/strong><\/td><\/tr><tr><td class=\"has-text-align-center\" data-align=\"center\">Brzuch+ boczki\/ Uda ty\u0142+ po\u015bladki\/<br>Uda prz\u00f3d+ Uda ty\u0142<\/td><td class=\"has-text-align-center\" data-align=\"center\">149 z\u0142<\/td><td class=\"has-text-align-center\" data-align=\"center\">549 z\u0142<\/td><td class=\"has-text-align-center\" data-align=\"center\">999 z\u0142<\/td><\/tr><\/tbody><\/table><\/figure>\n\n\n\n<p>KUPUJ\u0104C \u0141\u0104CZONE KARNETY NA R\u00d3\u017bNE ZABIEGI <mark style=\"background-color:rgba(0, 0, 0, 0)\" class=\"has-inline-color has-nv-c-2-color\">-10%<\/mark> (na ta\u0144szy karnet)<br><br><\/p>\n\n\n\n<p class=\"has-text-align-center\"><\/p>\n\n\n\n<div class=\"wp-block-buttons is-vertical is-content-justification-center is-layout-flex wp-container-core-buttons-is-layout-9a7cdcfd wp-block-buttons-is-layout-flex\">\n<div class=\"wp-block-button is-style-primary\"><a class=\"wp-block-button__link has-neve-link-hover-color-color has-nv-dark-bg-background-color has-text-color has-background has-link-color wp-element-button\" href=\"https:\/\/speed4fit.pl\/index.php\/kontakt\/\">um\u00f3w si\u0119 na wizyt\u0119<\/a><\/div>\n\n\n\n<div class=\"wp-block-button is-style-default\"><a class=\"wp-block-button__link has-neve-link-hover-color-background-color has-background wp-element-button\" href=\"https:\/\/speed4fit.pl\/index.php\/liposukcja-ultradzwiekowa\/\">dowiedz si\u0119 wi\u0119cej o liposukcji ultrad\u017awi\u0119kowej<\/a><\/div>\n<\/div>\n\n\n\n<hr class=\"wp-block-separator has-css-opacity is-style-wide\"\/>\n\n\n\n<h2 class=\"wp-block-heading\">Fala radiowa- cennik<\/h2>\n\n\n\n<div class=\"wp-block-columns is-layout-flex wp-container-core-columns-is-layout-9d6595d7 wp-block-columns-is-layout-flex\">\n<div class=\"wp-block-column is-layout-flow wp-block-column-is-layout-flow\">\n<figure class=\"wp-block-table is-style-stripes\"><table><tbody><tr><td class=\"has-text-align-center\" data-align=\"center\">Jedna partia 20&#8242;<\/td><td class=\"has-text-align-center\" data-align=\"center\"><strong>1 zabieg<\/strong><\/td><td class=\"has-text-align-center\" data-align=\"center\"><strong>4 zabiegi<\/strong><\/td><td class=\"has-text-align-center\" data-align=\"center\"><strong>8 zabieg\u00f3w<\/strong><\/td><\/tr><tr><td class=\"has-text-align-center\" data-align=\"center\">Ramiona\/ Brzuch\/ Boczki\/<br> Uda prz\u00f3d\/Uda ty\u0142\/ Po\u015bladki\/ Plecy\/ \u0141ydki<\/td><td class=\"has-text-align-center\" data-align=\"center\">99 z\u0142<\/td><td class=\"has-text-align-center\" data-align=\"center\">359 z\u0142<\/td><td class=\"has-text-align-center\" data-align=\"center\">679 z\u0142<\/td><\/tr><\/tbody><\/table><\/figure>\n<\/div>\n<\/div>\n\n\n\n<figure class=\"wp-block-table is-style-stripes\"><table><tbody><tr><td class=\"has-text-align-center\" data-align=\"center\">Dwie partie 30&#8242;<\/td><td class=\"has-text-align-center\" data-align=\"center\"><strong>1 zabieg<\/strong><\/td><td class=\"has-text-align-center\" data-align=\"center\"><strong>4 zabiegi<\/strong><\/td><td class=\"has-text-align-center\" data-align=\"center\"><strong>8 zabieg\u00f3w<\/strong><\/td><\/tr><tr><td class=\"has-text-align-center\" data-align=\"center\">Brzuch+ boczki\/ Uda ty\u0142+ po\u015bladki\/<br>Uda prz\u00f3d+ Uda ty\u0142<\/td><td class=\"has-text-align-center\" data-align=\"center\">129 z\u0142<\/td><td class=\"has-text-align-center\" data-align=\"center\">479 z\u0142<\/td><td class=\"has-text-align-center\" data-align=\"center\">879 z\u0142<\/td><\/tr><\/tbody><\/table><\/figure>\n\n\n\n<p>KUPUJ\u0104C \u0141\u0104CZONE KARNETY NA R\u00d3\u017bNE ZABIEGI <mark style=\"background-color:rgba(0, 0, 0, 0)\" class=\"has-inline-color has-nv-c-2-color\">-10%<\/mark> (na ta\u0144szy karnet)<br><br><\/p>\n\n\n\n<p class=\"has-text-align-center\"><\/p>\n\n\n\n<div class=\"wp-block-buttons is-vertical is-content-justification-center is-layout-flex wp-container-core-buttons-is-layout-9a7cdcfd wp-block-buttons-is-layout-flex\">\n<div class=\"wp-block-button is-style-primary\"><a class=\"wp-block-button__link has-neve-link-hover-color-color has-nv-dark-bg-background-color has-text-color has-background has-link-color wp-element-button\" href=\"https:\/\/speed4fit.pl\/index.php\/kontakt\/\">Um\u00f3w si\u0119 na wizyt\u0119<\/a><\/div>\n\n\n\n<div class=\"wp-block-button is-style-default\"><a class=\"wp-block-button__link has-neve-link-hover-color-background-color has-background wp-element-button\" href=\"https:\/\/speed4fit.pl\/index.php\/fale-radiowe-rf\/\">dowiedz si\u0119 wi\u0119cej o zabiegu z u\u017cyciem fal radiowych<\/a><\/div>\n<\/div>\n\n\n\n<hr class=\"wp-block-separator has-css-opacity is-style-wide\"\/>\n","protected":false},"excerpt":{"rendered":"<p>Ultrasonic &#8211; cennik 1 zabieg 4 zabiegi 8 zabieg\u00f3w Ramiona\/Boczki\/Brzuch\/Uda prz\u00f3d\/ Uda ty\u0142\/Po\u015bladki\/Plecy\/\u0141ydki 179 z\u0142 599 z\u0142 1049 z\u0142 Uda prz\u00f3d + Uda ty\u0142 249 z\u0142 799 z\u0142 1449 z\u0142 Uda + Po\u015bladki 289 z\u0142 949 z\u0142 1649z\u0142 Uda + Po\u015bladki + Brzuch 299 z\u0142 1049 z\u0142 1849 z\u0142 Lipolaser &#8211; cennik 1 zabieg 4&hellip;&nbsp;<a href=\"https:\/\/speed4fit.pl\/index.php\/cennik-zabiegow\/\" rel=\"bookmark\">Dowiedz si\u0119 wi\u0119cej &raquo;<span class=\"screen-reader-text\">Cennik zabieg\u00f3w<\/span><\/a><\/p>\n","protected":false},"author":1,"featured_media":0,"parent":0,"menu_order":0,"comment_status":"closed","ping_status":"closed","template":"","meta":{"neve_meta_sidebar":"","neve_meta_container":"","neve_meta_enable_content_width":"","neve_meta_content_width":0,"neve_meta_title_alignment":"","neve_meta_author_avatar":"","neve_post_elements_order":"","neve_meta_disable_header":"","neve_meta_disable_footer":"","neve_meta_disable_title":"","footnotes":""},"class_list":["post-1748","page","type-page","status-publish","hentry"],"_links":{"self":[{"href":"https:\/\/speed4fit.pl\/index.php\/wp-json\/wp\/v2\/pages\/1748","targetHints":{"allow":["GET"]}}],"collection":[{"href":"https:\/\/speed4fit.pl\/index.php\/wp-json\/wp\/v2\/pages"}],"about":[{"href":"https:\/\/speed4fit.pl\/index.php\/wp-json\/wp\/v2\/types\/page"}],"author":[{"embeddable":true,"href":"https:\/\/speed4fit.pl\/index.php\/wp-json\/wp\/v2\/users\/1"}],"replies":[{"embeddable":true,"href":"https:\/\/speed4fit.pl\/index.php\/wp-json\/wp\/v2\/comments?post=1748"}],"version-history":[{"count":11,"href":"https:\/\/speed4fit.pl\/index.php\/wp-json\/wp\/v2\/pages\/1748\/revisions"}],"predecessor-version":[{"id":3254,"href":"https:\/\/speed4fit.pl\/index.php\/wp-json\/wp\/v2\/pages\/1748\/revisions\/3254"}],"wp:attachment":[{"href":"https:\/\/speed4fit.pl\/index.php\/wp-json\/wp\/v2\/media?parent=1748"}],"curies":[{"name":"wp","href":"https:\/\/api.w.org\/{rel}","templated":true}]}}