{"id":1323,"date":"2021-02-11T11:13:25","date_gmt":"2021-02-11T10:13:25","guid":{"rendered":"https:\/\/speed4fit.pl\/new\/?page_id=1323"},"modified":"2023-06-17T12:13:28","modified_gmt":"2023-06-17T10:13:28","slug":"aktualnosci","status":"publish","type":"page","link":"https:\/\/speed4fit.pl\/index.php\/aktualnosci\/","title":{"rendered":"Aktualno\u015bci"},"content":{"rendered":"\n<p>Czerwiec 2023<\/p>\n\n\n\n<h2 class=\"has-text-align-center wp-block-heading\"><mark style=\"background-color:rgba(0, 0, 0, 0)\" class=\"has-inline-color has-neve-link-hover-color-color\"><strong>WI\u0118CEJ NI\u017b ZAPACH &#8211; POZNAJ MOC I SI\u0141\u0118 NATURALNYCH OLEJK\u00d3W ETERYCZNYCH<\/strong><\/mark><\/h2>\n\n\n\n<p class=\"has-text-align-center\">Poznaj olejki eterycznych klasy terepeutyznej d\u014dTerra.<\/p>\n\n\n\n<p class=\"has-text-align-center\">To Wi\u0119cej ni\u017c zapach, to dar od Matki Natury, dzi\u0119ki kt\u00f3remu mo\u017cemy wspiera\u0107 swoje zdrowie i emocje!<\/p>\n\n\n\n<p class=\"has-text-align-center\">Wkrocz w tajemnice tego \u015bwiata i zacznij \u015bwiadomie korzysta\u0107 z jego dar\u00f3w&#8230;<\/p>\n\n\n\n<p class=\"has-text-align-center\"><img loading=\"lazy\" decoding=\"async\" height=\"16\" width=\"16\" alt=\"?\" src=\"https:\/\/static.xx.fbcdn.net\/images\/emoji.php\/v9\/t42\/1\/16\/1f4a7.png\">Do\u0142\u0105cz do spotkania, podczas kt\u00f3rego poznasz najczystsze i w 100% naturalne aromaty.<\/p>\n\n\n\n<p class=\"has-text-align-center\">G\u0142\u00f3wne tematy, kt\u00f3re zostan\u0105 poruszone:<br><img loading=\"lazy\" decoding=\"async\" height=\"16\" width=\"16\" src=\"https:\/\/static.xx.fbcdn.net\/images\/emoji.php\/v9\/t42\/1\/16\/1f4a7.png\" alt=\"?\">Wsparcie w infekcjach i wsparcie odporno\u015bci<br><img loading=\"lazy\" decoding=\"async\" height=\"16\" width=\"16\" src=\"https:\/\/static.xx.fbcdn.net\/images\/emoji.php\/v9\/t42\/1\/16\/1f4a7.png\" alt=\"?\">Wsparcie w b\u00f3lu<br><img loading=\"lazy\" decoding=\"async\" height=\"16\" width=\"16\" src=\"https:\/\/static.xx.fbcdn.net\/images\/emoji.php\/v9\/t42\/1\/16\/1f4a7.png\" alt=\"?\">Stres, relaks i lepszy sen<br><img loading=\"lazy\" decoding=\"async\" height=\"16\" width=\"16\" src=\"https:\/\/static.xx.fbcdn.net\/images\/emoji.php\/v9\/t42\/1\/16\/1f4a7.png\" alt=\"?\">Olejkowe naturalne wsparcie podczas wakacyjnych podr\u00f3\u017cy<br><img loading=\"lazy\" decoding=\"async\" height=\"16\" width=\"16\" src=\"https:\/\/static.xx.fbcdn.net\/images\/emoji.php\/v9\/t42\/1\/16\/1f4a7.png\" alt=\"?\">Olejkowe wsparcie w sporcie<br><\/p>\n\n\n\n<p class=\"has-text-align-center\">Zapraszamy&nbsp;<img loading=\"lazy\" decoding=\"async\" height=\"16\" width=\"16\" alt=\"?\" src=\"https:\/\/static.xx.fbcdn.net\/images\/emoji.php\/v9\/t4c\/1\/16\/1f642.png\"><\/p>\n\n\n\n<p class=\"has-text-align-center\"><img loading=\"lazy\" decoding=\"async\" height=\"16\" width=\"16\" alt=\"?\" src=\"https:\/\/static.xx.fbcdn.net\/images\/emoji.php\/v9\/t7e\/1\/16\/1f4c5.png\">&nbsp;18.06.2023<br><img loading=\"lazy\" decoding=\"async\" height=\"16\" width=\"16\" alt=\"?\" src=\"https:\/\/static.xx.fbcdn.net\/images\/emoji.php\/v9\/te6\/1\/16\/1f570.png\">&nbsp;godz. 10:30<br><img loading=\"lazy\" decoding=\"async\" height=\"16\" width=\"16\" alt=\"?\" src=\"https:\/\/static.xx.fbcdn.net\/images\/emoji.php\/v9\/t2d\/1\/16\/1f4cd.png\">&nbsp;Gda\u0144sk ul. Przytulna 11<\/p>\n\n\n\n<p class=\"has-text-align-center\">WST\u0118P BEZP\u0141ATNY<\/p>\n\n\n\n<p class=\"has-text-align-center\"><a href=\"https:\/\/www.facebook.com\/events\/770530964820730\/?acontext=%7B%22event_action_history%22%3A[]%7D\">https:\/\/www.facebook.com\/events\/770530964820730\/?acontext=%7B%22event_action_history%22%3A[]%7D<\/a><\/p>\n\n\n\n<hr class=\"wp-block-separator has-alpha-channel-opacity is-style-wide\"\/>\n\n\n\n<h2 class=\"has-text-align-center wp-block-heading\"><mark style=\"background-color:rgba(0, 0, 0, 0)\" class=\"has-inline-color has-neve-link-hover-color-color\">3 <\/mark><mark style=\"background-color:rgba(0, 0, 0, 0)\" class=\"has-inline-color has-neve-link-color-color\">urodziny<\/mark><mark style=\"background-color:rgba(0, 0, 0, 0)\" class=\"has-inline-color has-neve-link-hover-color-color\"> <\/mark><mark style=\"background-color:rgba(0, 0, 0, 0)\" class=\"has-inline-color has-neve-link-color-color\"><em>Speed<\/em><\/mark><mark style=\"background-color:rgba(0, 0, 0, 0)\" class=\"has-inline-color has-neve-link-hover-color-color\"><em>4<\/em><\/mark><mark style=\"background-color:rgba(0, 0, 0, 0)\" class=\"has-inline-color has-neve-link-color-color\"><em>Fit<\/em><\/mark><br>KONKURS!<\/h2>\n\n\n\n<p class=\"has-text-align-center\">3 urodziny Speed4Fit, wi\u0119c 3 KONKURSY i 3 osoby, kt\u00f3re wygrywaj\u0105!<img loading=\"lazy\" decoding=\"async\" height=\"16\" width=\"16\" alt=\"?\" src=\"https:\/\/static.xx.fbcdn.net\/images\/emoji.php\/v9\/ta6\/1\/16\/1fae2.png\"><img loading=\"lazy\" decoding=\"async\" height=\"16\" width=\"16\" alt=\"?\" src=\"https:\/\/static.xx.fbcdn.net\/images\/emoji.php\/v9\/t2\/1\/16\/1f60d.png\"><\/p>\n\n\n\n<p class=\"has-text-align-center\"><mark style=\"background-color:rgba(0, 0, 0, 0)\" class=\"has-inline-color has-neve-link-hover-color-color\">O co walczycie?<\/mark><\/p>\n\n\n\n<p class=\"has-text-align-center\">Ka\u017cda z wylosowanych os\u00f3b otrzyma voucher na dowoln\u0105 us\u0142ug\u0119 w studio Speed4Fit!<\/p>\n\n\n\n<p class=\"has-text-align-center\"><mark style=\"background-color:rgba(0, 0, 0, 0)\" class=\"has-inline-color has-neve-link-hover-color-color\">Co do wybrania?<\/mark><\/p>\n\n\n\n<p class=\"has-text-align-center\">Trening EMS<img loading=\"lazy\" decoding=\"async\" height=\"16\" width=\"16\" alt=\"\u26a1\" src=\"https:\/\/static.xx.fbcdn.net\/images\/emoji.php\/v9\/t5d\/1\/16\/26a1.png\">\/ trening personalny<img loading=\"lazy\" decoding=\"async\" height=\"16\" width=\"16\" alt=\"?\ufe0f\" src=\"https:\/\/static.xx.fbcdn.net\/images\/emoji.php\/v9\/tea\/1\/16\/1f3cb.png\">\/ rozci\u0105ganie<img loading=\"lazy\" decoding=\"async\" height=\"16\" width=\"16\" alt=\"?\u200d\u2640\ufe0f\" src=\"https:\/\/static.xx.fbcdn.net\/images\/emoji.php\/v9\/td3\/1\/16\/1f9d8_200d_2640.png\">\/ masa\u017c<img loading=\"lazy\" decoding=\"async\" height=\"16\" width=\"16\" alt=\"?\u200d\u2640\ufe0f\" src=\"https:\/\/static.xx.fbcdn.net\/images\/emoji.php\/v9\/tf8\/1\/16\/1f486_200d_2640.png\">\/ zabieg modeluj\u0105cy sylwetk\u0119 na wybran\u0105 parti\u0119<img loading=\"lazy\" decoding=\"async\" height=\"16\" width=\"16\" alt=\"?\" src=\"https:\/\/static.xx.fbcdn.net\/images\/emoji.php\/v9\/t58\/1\/16\/1f929.png\"><\/p>\n\n\n\n<p class=\"has-text-align-center\"><mark style=\"background-color:rgba(0, 0, 0, 0)\" class=\"has-inline-color has-neve-link-hover-color-color\">Wygrywa jedna osoba z ka\u017cdej kategorii<img loading=\"lazy\" decoding=\"async\" height=\"16\" width=\"16\" src=\"https:\/\/static.xx.fbcdn.net\/images\/emoji.php\/v9\/t4f\/1\/16\/1f447.png\" alt=\"?\"><\/mark><\/p>\n\n\n\n<p class=\"has-text-align-center\"><img loading=\"lazy\" decoding=\"async\" height=\"16\" width=\"16\" alt=\"1\ufe0f\u20e3\" src=\"https:\/\/static.xx.fbcdn.net\/images\/emoji.php\/v9\/t7a\/1\/16\/31_20e3.png\">podziel si\u0119 z nami swoj\u0105 pasj\u0105\/zajawk\u0105\/ ulubion\u0105 aktywno\u015bci\u0105 fizyczn\u0105<\/p>\n\n\n\n<p class=\"has-text-align-center\"><img loading=\"lazy\" decoding=\"async\" height=\"16\" width=\"16\" alt=\"2\ufe0f\u20e3\" src=\"https:\/\/static.xx.fbcdn.net\/images\/emoji.php\/v9\/t99\/1\/16\/32_20e3.png\">wykonaj wszystkie zadania z pa\u017adziernikowej SPEEDLISTY<\/p>\n\n\n\n<p class=\"has-text-align-center\"><img loading=\"lazy\" decoding=\"async\" height=\"16\" width=\"16\" alt=\"3\ufe0f\u20e3\" src=\"https:\/\/static.xx.fbcdn.net\/images\/emoji.php\/v9\/tb8\/1\/16\/33_20e3.png\">przygotuj fit danie i podziel si\u0119 z nami przepisem<\/p>\n\n\n\n<p class=\"has-text-align-center\"><mark style=\"background-color:rgba(0, 0, 0, 0)\" class=\"has-inline-color has-neve-link-hover-color-color\">Jakie s\u0105 zasady wzi\u0119cia udzia\u0142u w konkursie?<\/mark><\/p>\n\n\n\n<p class=\"has-text-align-center\">Jedna osoba mo\u017ce wzi\u0105\u0107 udzia\u0142 w ka\u017cdym z 3 konkurs\u00f3w,<\/p>\n\n\n\n<p class=\"has-text-align-center\">oznaczajcie nas w swoich relacjach z wykonanych zada\u0144\/ wstawcie zdj\u0119cie wykonanego zadania pod postem konkursowym\/ przesy\u0142ajcie do nas zdj\u0119cia wykonanych zada\u0144.<\/p>\n\n\n\n<p class=\"has-text-align-center\"><mark style=\"background-color:rgba(0, 0, 0, 0)\" class=\"has-inline-color has-neve-link-hover-color-color\">Do kiedy trwa konkurs?<img loading=\"lazy\" decoding=\"async\" height=\"16\" width=\"16\" src=\"https:\/\/static.xx.fbcdn.net\/images\/emoji.php\/v9\/tb7\/1\/16\/23f3.png\" alt=\"\u23f3\"><\/mark><\/p>\n\n\n\n<p class=\"has-text-align-center\">Na wykonanie zada\u0144 macie czas do ko\u0144ca pa\u017adziernika! Wyniki konkursu og\u0142osimy 2 listopada na facebooku oraz instagramie.<\/p>\n\n\n\n<p><\/p>\n\n\n\n<hr class=\"wp-block-separator has-alpha-channel-opacity is-style-wide\"\/>\n\n\n\n<p>Pa\u017adziernik 2022 r <\/p>\n\n\n\n<h2 class=\"has-text-align-center wp-block-heading\"><mark style=\"background-color:rgba(0, 0, 0, 0)\" class=\"has-inline-color has-neve-link-hover-color-color\">Zestaw jesiennych zada\u0144 podtrzymuj\u0105cych kondycj\u0119 i zdrowego ducha<\/mark><\/h2>\n\n\n\n<p class=\"has-text-align-center\">Dni coraz kr\u00f3tsze, pogoda mniej rozwywkowa, wi\u0119c \u0142atwo zaton\u0105\u0107 w fotelu.<\/p>\n\n\n\n<p class=\"has-text-align-center\">Dlatego nie zostawiamy Was samych! Na naszym fb\/ig znajdziecie CHECKLISTE na najbli\u017cszy miesi\u0105c.<\/p>\n\n\n\n<p class=\"has-text-align-center\"><a href=\"https:\/\/www.facebook.com\/photo?fbid=488053973337849&amp;set=a.446141947529052\">https:\/\/www.facebook.com\/photo?fbid=488053973337849&amp;set=a.446141947529052<\/a><\/p>\n\n\n\n<p><\/p>\n\n\n\n<hr class=\"wp-block-separator has-alpha-channel-opacity is-style-wide\"\/>\n\n\n\n<div class=\"wp-block-columns is-layout-flex wp-container-core-columns-is-layout-9d6595d7 wp-block-columns-is-layout-flex\">\n<div class=\"wp-block-column is-layout-flow wp-block-column-is-layout-flow\">\n<div style=\"height:20px\" aria-hidden=\"true\" class=\"wp-block-spacer\"><\/div>\n\n\n\n<p><em>Luty 2022 r.<\/em><\/p>\n\n\n\n<h2 class=\"has-text-align-center has-neve-link-hover-color-color has-text-color wp-block-heading\" id=\"styczniowe-wyzwanie-30-dni-gubienia-kilogramow-dolacz-do-nas\"><mark style=\"background-color:rgba(0, 0, 0, 0)\" class=\"has-inline-color has-neve-link-hover-color-color\"><em>Speed4Fi<\/em><\/mark><em>t<\/em> sponsored nagr\u00f3d w Pomerania Winter Challenge<\/h2>\n\n\n\n<p class=\"has-text-align-center\">PWC 20km, czyli &#8222;Pomerania Winter Challange&#8221; na 23,8km i 610m przewy\u017cszenia ?\u200d\u2642\ufe0f Wyzwanie, kt\u00f3rego 20 lutego podejmie si\u0119 Krystian!&nbsp;?<\/p>\n\n\n\n<p class=\"has-text-align-center\">Przygotujcie si\u0119 ju\u017c dzi\u015b, by trzyma\u0107 za Niego kciuki!&nbsp;\u270a<\/p>\n\n\n\n<p class=\"has-text-align-center\">Jeste\u015bmy pewni, \u017ce Krystian sobie poradzi. Kto Krystiana zna nie od dzi\u015b, ten wie, \u017ce Jego medale rozwieszone w studio Speed4Fit m\u00f3wi\u0105 same za siebie!&nbsp;?<\/p>\n\n\n\n<p class=\"has-text-align-center\">START jest elementem w przygotowaniu do g\u0142\u00f3wnej imprezy, jak\u0105 jest kwietniowy maraton w Gda\u0144sku.<\/p>\n\n\n\n<p class=\"has-text-align-center\">Krystian jest za\u0142o\u017cycielem Speed\u2019a i aktywnym uczestnikiem r\u00f3\u017cnych imprez biegowych. Chcemy Was te\u017c poinformowa\u0107, \u017ce jeste\u015bmy jednym ze sponsor\u00f3w tego wydarzenia! ? ?<\/p>\n\n\n\n<p class=\"has-text-align-center\">Gwarantujemy Voucher na trening EMS o warto\u015bci 159z\u0142 \u203c\ufe0f ?<\/p>\n\n\n\n<p class=\"has-text-align-center\">Je\u015bli jeszcze si\u0119 zastanawiasz czy wzi\u0105\u0107 udzia\u0142, potwierdzamy, \u017ce na pewno warto! Wygran\u0105 ju\u017c jest to, \u017ce staniesz na START i zmierzysz si\u0119 z samym sob\u0105 i b\u0119dziesz bi\u0107 swoje rekordy! ? ?<\/p>\n\n\n\n<p class=\"has-text-align-center\">Wg og\u0142oszenia <a href=\"https:\/\/www.facebook.com\/PomeraniaTrail\/?__cft__[0]=AZXJU9oQBN80Bz9_rwT7R-YAMAhIKvCBj4xOspVI-bavkMxb0mVOUgZEJV6j63_sL0yL0D5Tv6YY6xLNbs_R1G9d73QIQ2r2LcIDUHgM2OSs7xT8hYBSrMpjWgNk4EhSdAuHfCmjO5SACfxRFhk56aH3&amp;__tn__=kK-R\">Pomerania Trail &#8211; Biegi G\u00f3rskie na Pomorzu<\/a>, zapisy internetowe trwaj\u0105 dzi\u015b do ko\u0144ca dnia, do 23:59 lub do wyczerpania bilet\u00f3w! ?<\/p>\n\n\n\n<p class=\"has-text-align-center\">Nie zastanawiaj si\u0119\u2026 Nie zwlekaj\u2026Po prostu zacznij ju\u017c dzi\u015b i wystartuj razem z Krystianem! ?\u200d\u2640\ufe0f ?\u200d\u2642\ufe0f<\/p>\n\n\n\n<p class=\"has-text-align-center\">PS. To z kim si\u0119 widzimy? ? Kto przyjdzie przybi\u0107 \u270b Krystianowi na mecie?<\/p>\n\n\n\n<p><\/p>\n\n\n\n<div style=\"height:40px\" aria-hidden=\"true\" class=\"wp-block-spacer\"><\/div>\n\n\n\n<hr class=\"wp-block-separator has-css-opacity is-style-wide\"\/>\n\n\n\n<p><em>Stycze\u0144 2022 r.<\/em><\/p>\n\n\n\n<h2 class=\"has-text-align-center wp-block-heading\" id=\"styczniowe-wyzwanie-30-dni-gubienia-kilogramow-dolacz-do-nas\"><mark style=\"background-color:rgba(0, 0, 0, 0)\" class=\"has-inline-color has-neve-link-hover-color-color\">Styczniowe wyzwanie &#8211; 30 dni gubienia kilogram\u00f3w! Do\u0142\u0105cz do nas!<\/mark><\/h2>\n\n\n\n<div style=\"height:20px\" aria-hidden=\"true\" class=\"wp-block-spacer\"><\/div>\n\n\n\n<p class=\"has-text-align-center\">Podkr\u0119camy tempo postanowie\u0144 noworocznych! ? Zaczynamy <strong>30 dniowe wyzwanie gubienia kilogram\u00f3w<\/strong> \u2696\ufe0f w stylu <strong><em>Speed<span class=\"has-inline-color has-neve-link-hover-color-color\">4<\/span>Fit<\/em><\/strong> &#8211; szybko do celu! W pierwszym tygodniu wyzwania b\u0119dziemy prze\u015bwietla\u0107 Wasze boczki, fa\u0142dki i inne przyjemno\u015bci \ud83d\ude42 aby oceni\u0107 stan wyj\u015bciowy. Pomo\u017ce nam w tym przyjaci\u00f3\u0142ka i stra\u017cniczka realizacji celu &#8211; TANITA ?<\/p>\n\n\n\n<p><\/p>\n\n\n\n<p class=\"has-text-align-center\"><strong>Zach\u0119camy do udzia\u0142u! <\/strong><br>Swoj\u0105 gotowo\u015b\u0107 zle\u0107 trenerowi na najbli\u017cszym treningu  ?<\/p>\n\n\n\n<div style=\"height:20px\" aria-hidden=\"true\" class=\"wp-block-spacer\"><\/div>\n\n\n\n<hr class=\"wp-block-separator has-css-opacity is-style-wide\"\/>\n\n\n\n<p><em>Grudzie\u0144 2021 r.<\/em><\/p>\n\n\n\n<h2 class=\"has-text-align-center wp-block-heading\" id=\"grudzien-miesiac-pomagania\"><mark style=\"background-color:rgba(0, 0, 0, 0)\" class=\"has-inline-color has-neve-link-hover-color-color\"><strong>Grudzie\u0144 &#8211; miesi\u0105c pomagania!<\/strong><\/mark><\/h2>\n\n\n\n<div style=\"height:20px\" aria-hidden=\"true\" class=\"wp-block-spacer\"><\/div>\n\n\n\n<p class=\"has-text-align-center\"><img loading=\"lazy\" decoding=\"async\" height=\"16\" width=\"16\" alt=\"?\" src=\"https:\/\/static.xx.fbcdn.net\/images\/emoji.php\/v9\/t23\/2\/16\/1f381.png\"> W prezentach najfajniejsze jest to, \u017ce mo\u017cna kogo\u015b nimi uszcz\u0119\u015bliwi\u0107 <img loading=\"lazy\" decoding=\"async\" height=\"16\" width=\"16\" alt=\"?\" src=\"https:\/\/static.xx.fbcdn.net\/images\/emoji.php\/v9\/t89\/2\/16\/1f970.png\"> Dlatego w tym roku ekipa <strong><em>Speed<span class=\"has-inline-color has-neve-link-hover-color-color\">4<\/span>Fit<\/em><\/strong> zdecydowa\u0142a o obdarowaniu dzieciak\u00f3w&#8230; z Kenii! Studentki z Tr\u00f3jmiasta pojecha\u0142y do jednej ze szk\u00f3\u0142 na wolontariat i okaza\u0142o si\u0119, \u017ce brak podstawowych materia\u0142\u00f3w do nauki to piku\u015b przy tym, \u017ce w szko\u0142ach brakuje nawet okien i drzwi <img loading=\"lazy\" decoding=\"async\" height=\"16\" width=\"16\" alt=\"?\" src=\"https:\/\/static.xx.fbcdn.net\/images\/emoji.php\/v9\/t6a\/2\/16\/1f641.png\"><\/p>\n\n\n\n<p class=\"has-text-align-center\">Wiemy, \u017ce nier\u00f3wny dost\u0119p do edukacji to globalny problem, dlatego chcemy do\u0142o\u017cy\u0107 swoj\u0105 cegie\u0142k\u0119 do jego rozwi\u0105zania i Was te\u017c zach\u0119camy! <img loading=\"lazy\" decoding=\"async\" height=\"16\" width=\"16\" alt=\"\u26a1\" src=\"https:\/\/static.xx.fbcdn.net\/images\/emoji.php\/v9\/tde\/2\/16\/26a1.png\"><\/p>\n\n\n\n<p class=\"has-text-align-center\">Ka\u017cdy, kto dokona wp\u0142aty na poni\u017cszym linku otrzyma od nas <strong><span class=\"has-inline-color has-neve-link-hover-color-color\">jeden zabieg za darmo<\/span><\/strong>!<br>Warunkiem otrzymania go, jest udowodnienie, \u017ce dokonano wp\u0142aty \ud83d\ude09 <\/p>\n\n\n\n<p class=\"has-text-align-center\">???  <strong><span class=\"has-inline-color has-nv-c-2-color\"><a href=\"https:\/\/zrzutka.pl\/4gjbm2\">https:\/\/zrzutka.pl\/4gjbm2<\/a> <\/span><\/strong>???<\/p>\n\n\n\n<p>Informacje o zabiegach ultrasonic [<a href=\"https:\/\/speed4fit.pl\/index.php\/oferta\/ultrasonic\/\"><strong>klik!<\/strong><\/a>], lipolaser [<strong><a href=\"https:\/\/speed4fit.pl\/index.php\/lipolaser\/\">klik!<\/a><\/strong>], liposukcja ultrad\u017awi\u0119kowa [<strong><a href=\"https:\/\/speed4fit.pl\/index.php\/liposukcja-ultradzwiekowa\/\">klik!<\/a><\/strong>] oraz fale radiowe RF [<strong><a href=\"https:\/\/speed4fit.pl\/index.php\/fale-radiowe-rf\/\">klik!<\/a><\/strong>].<\/p>\n\n\n\n<div style=\"height:20px\" aria-hidden=\"true\" class=\"wp-block-spacer\"><\/div>\n\n\n\n<hr class=\"wp-block-separator has-css-opacity is-style-wide\"\/>\n\n\n\n<div style=\"height:30px\" aria-hidden=\"true\" class=\"wp-block-spacer\"><\/div>\n\n\n\n<p><em>Listopad 2021 r.<\/em><\/p>\n\n\n\n<h2 class=\"has-text-align-center wp-block-heading\" id=\"wez-udzial-w-wyzwaniu\"><mark style=\"background-color:rgba(0, 0, 0, 0)\" class=\"has-inline-color has-neve-link-hover-color-color\"><strong>We\u017a udzia\u0142 w wyzwaniu!<\/strong><\/mark><\/h2>\n\n\n\n<div style=\"height:20px\" aria-hidden=\"true\" class=\"wp-block-spacer\"><\/div>\n\n\n\n<p>W listopadzie obchodzimy \u015awiatowy Dzie\u0144 Bicia Rekord\u00f3w i z tej okazji zapraszamy do wzi\u0119cia udzia\u0142u w wyzwaniach przygotowanych przez zesp\u00f3\u0142 <strong><em>Speed<span class=\"has-inline-color has-neve-link-hover-color-color\">4<\/span>Fit<\/em><\/strong>! <\/p>\n\n\n\n<p>Filmy przedstawiaj\u0105ce wyzwania b\u0119dziemy publikowa\u0107 raz w tygodniu na naszych profilach na <a href=\"https:\/\/www.facebook.com\/Speed4Fit\" target=\"_blank\" rel=\"noreferrer noopener\">Facebooku<\/a> i <a href=\"https:\/\/www.instagram.com\/speed4fit\/\" target=\"_blank\" rel=\"noreferrer noopener\">Instagramie<\/a>! <\/p>\n\n\n\n<ol class=\"wp-block-list\">\n<li>Zadanie nale\u017cy wykona\u0107 w ci\u0105gu 30 minut.<\/li>\n\n\n\n<li>Zwyci\u0119zc\u0105 wyzwania b\u0119dzie osoba, kt\u00f3ra wykona je w najmniejszej ilo\u015bci powt\u00f3rze\u0144 (w przypadku wyniku ex aequo b\u0119dzie si\u0119 liczy\u0142 najkr\u00f3tszy czas) lub najszybciej (w zale\u017cno\u015bci od rodzaju wyzwania).<\/li>\n\n\n\n<li>Osoby chc\u0105ce do\u0142\u0105czy\u0107 do wyzwania mog\u0105 to zrobi\u0107 na kilka sposob\u00f3w:\n<ol class=\"wp-block-list\">\n<li>Przychodz\u0105c do studio @speed4fit i wykonuj\u0105c to zadanie przy nas.<\/li>\n\n\n\n<li>Nagrywaj\u0105c filmik z wykonania zadania i publikuj\u0105c go w komentarzu pod postem z okre\u015blonym \u0107wiczeniem.<\/li>\n\n\n\n<li>Wrzucaj\u0105c filmik na Instagrama i otagowuj\u0105c nas @speed4fit (pami\u0119tajcie, \u017ceby zobaczy\u0107 Wasze nagranie, profil musi by\u0107 publiczny! :)).<\/li>\n\n\n\n<li>Wysy\u0142aj\u0105c nam filmik z realizacji zadania na Messengera Speed4fit (pami\u0119tajcie, \u017ce niczego nie publikujemy bez Waszej zgody!).<\/li>\n<\/ol>\n<\/li>\n\n\n\n<li>Wyzwanie ko\u0144czymy 7 dni od dnia publikacji filmu z \u0107wiczeniem.<\/li>\n\n\n\n<li>Je\u015bli macie ochot\u0119, zapro\u015bcie do wyzwania znajomych!<\/li>\n\n\n\n<li>Nie oszukujemy! Nasze wyzwanie to tylko zabawa i forma sprawdzenia swoich mo\u017cliwo\u015bci, dlatego nie edytujcie zg\u0142aszanych film\u00f3w!<\/li>\n<\/ol>\n\n\n\n<p><\/p>\n<\/div>\n<\/div>\n\n\n\n<hr class=\"wp-block-separator has-css-opacity is-style-wide\"\/>\n\n\n\n<div style=\"height:30px\" aria-hidden=\"true\" class=\"wp-block-spacer\"><\/div>\n\n\n\n<p><em>Pa\u017adziernik 2021 r.<\/em><\/p>\n\n\n\n<h2 class=\"has-text-align-center wp-block-heading\" id=\"uwaga-uwaga-urodzinowa-impreza\"><mark style=\"background-color:rgba(0, 0, 0, 0)\" class=\"has-inline-color has-neve-link-hover-color-color\">Uwaga, uwaga!<\/mark> <strong><mark style=\"background-color:rgba(0, 0, 0, 0)\" class=\"has-inline-color has-neve-link-hover-color-color\">Urodzinowa impreza!<\/mark><\/strong><\/h2>\n\n\n\n<div style=\"height:10px\" aria-hidden=\"true\" class=\"wp-block-spacer\"><\/div>\n\n\n\n<p class=\"has-text-align-center\">W pa\u017adzierniku nasze studio obchodzi <span class=\"has-inline-color has-neve-link-hover-color-color\"><strong>2<\/strong><\/span>. urodziny! ?<br>Z tej okazji przygotowali\u015bmy dla Was moc atrakcji i <strong>KONKURSY<\/strong>! ?<br>Ruszamy 25.10.! <\/p>\n\n\n\n<p class=\"has-text-align-center\">Zagl\u0105dajcie codziennie na nasz profil -&gt; <a href=\"https:\/\/www.facebook.com\/Speed4Fit\">https:\/\/www.facebook.com\/Speed4Fit<\/a><br> gdzie b\u0119d\u0105 publikowane posty konkursowe, w kt\u00f3rych do wygrania b\u0119d\u0105 atrakcyjne nagrody ?<br>Zapro\u015bcie do zabawy znajomych! <\/p>\n\n\n\n<p class=\"has-text-align-center\">Do zobaczenia w <strong><em>Speed<span class=\"has-inline-color has-neve-link-hover-color-color\">4<\/span>Fit<\/em><\/strong>!?\u200d\u2640\ufe0f<\/p>\n\n\n\n<p style=\"font-size:10px\"><\/p>\n\n\n\n<hr class=\"wp-block-separator has-css-opacity is-style-wide\"\/>\n","protected":false},"excerpt":{"rendered":"<p>Czerwiec 2023 WI\u0118CEJ NI\u017b ZAPACH &#8211; POZNAJ MOC I SI\u0141\u0118 NATURALNYCH OLEJK\u00d3W ETERYCZNYCH Poznaj olejki eterycznych klasy terepeutyznej d\u014dTerra. To Wi\u0119cej ni\u017c zapach, to dar od Matki Natury, dzi\u0119ki kt\u00f3remu mo\u017cemy wspiera\u0107 swoje zdrowie i emocje! Wkrocz w tajemnice tego \u015bwiata i zacznij \u015bwiadomie korzysta\u0107 z jego dar\u00f3w&#8230; Do\u0142\u0105cz do spotkania, podczas kt\u00f3rego poznasz najczystsze&hellip;&nbsp;<a href=\"https:\/\/speed4fit.pl\/index.php\/aktualnosci\/\" rel=\"bookmark\">Dowiedz si\u0119 wi\u0119cej &raquo;<span class=\"screen-reader-text\">Aktualno\u015bci<\/span><\/a><\/p>\n","protected":false},"author":2,"featured_media":0,"parent":0,"menu_order":0,"comment_status":"closed","ping_status":"closed","template":"","meta":{"neve_meta_sidebar":"full-width","neve_meta_container":"","neve_meta_enable_content_width":"on","neve_meta_content_width":100,"neve_meta_title_alignment":"","neve_meta_author_avatar":"","neve_post_elements_order":"","neve_meta_disable_header":"","neve_meta_disable_footer":"","neve_meta_disable_title":"","footnotes":""},"class_list":["post-1323","page","type-page","status-publish","hentry"],"_links":{"self":[{"href":"https:\/\/speed4fit.pl\/index.php\/wp-json\/wp\/v2\/pages\/1323","targetHints":{"allow":["GET"]}}],"collection":[{"href":"https:\/\/speed4fit.pl\/index.php\/wp-json\/wp\/v2\/pages"}],"about":[{"href":"https:\/\/speed4fit.pl\/index.php\/wp-json\/wp\/v2\/types\/page"}],"author":[{"embeddable":true,"href":"https:\/\/speed4fit.pl\/index.php\/wp-json\/wp\/v2\/users\/2"}],"replies":[{"embeddable":true,"href":"https:\/\/speed4fit.pl\/index.php\/wp-json\/wp\/v2\/comments?post=1323"}],"version-history":[{"count":42,"href":"https:\/\/speed4fit.pl\/index.php\/wp-json\/wp\/v2\/pages\/1323\/revisions"}],"predecessor-version":[{"id":2970,"href":"https:\/\/speed4fit.pl\/index.php\/wp-json\/wp\/v2\/pages\/1323\/revisions\/2970"}],"wp:attachment":[{"href":"https:\/\/speed4fit.pl\/index.php\/wp-json\/wp\/v2\/media?parent=1323"}],"curies":[{"name":"wp","href":"https:\/\/api.w.org\/{rel}","templated":true}]}}